{"id":7,"date":"2024-11-17T17:51:15","date_gmt":"2024-11-17T16:51:15","guid":{"rendered":"https:\/\/gds32-65.fr\/?page_id=7"},"modified":"2026-05-05T17:02:15","modified_gmt":"2026-05-05T15:02:15","slug":"presentation","status":"publish","type":"page","link":"https:\/\/gds32-65.fr\/index.php\/accueil\/presentation\/","title":{"rendered":"Notre \u00e9quipe"},"content":{"rendered":"\t\t<div data-elementor-type=\"wp-post\" data-elementor-id=\"7\" class=\"elementor elementor-7\">\n\t\t\t\t<div class=\"elementor-element elementor-element-ab16c8c e-flex e-con-boxed e-con e-parent\" data-id=\"ab16c8c\" data-element_type=\"container\" data-e-type=\"container\">\n\t\t\t\t\t<div class=\"e-con-inner\">\n\t\t\t\t<div class=\"elementor-element elementor-element-28b8801 elementor-widget elementor-widget-text-editor\" data-id=\"28b8801\" data-element_type=\"widget\" data-e-type=\"widget\" data-widget_type=\"text-editor.default\">\n\t\t\t\t<div class=\"elementor-widget-container\">\n\t\t\t\t\t\t\t\t\t<p>Un groupement d&#8217;employeurs issue des deux GDS 32 et 65, a \u00e9t\u00e9 cr\u00e9\u00e9 afin de mutualiser le personnel pour r\u00e9pondre au mieux aux attentes du terrain et des services de l&rsquo;Etat.<\/p>\t\t\t\t\t\t\t\t<\/div>\n\t\t\t\t<\/div>\n\t\t\t\t\t<\/div>\n\t\t\t\t<\/div>\n\t\t<div class=\"elementor-element elementor-element-f10b5fd e-flex e-con-boxed e-con e-parent\" data-id=\"f10b5fd\" data-element_type=\"container\" data-e-type=\"container\">\n\t\t\t\t\t<div class=\"e-con-inner\">\n\t\t\t\t<div class=\"elementor-element elementor-element-cc4149e elementor-widget elementor-widget-image\" data-id=\"cc4149e\" data-element_type=\"widget\" data-e-type=\"widget\" data-widget_type=\"image.default\">\n\t\t\t\t<div class=\"elementor-widget-container\">\n\t\t\t\t\t\t\t\t\t\t\t\t\t\t\t<img fetchpriority=\"high\" decoding=\"async\" width=\"1024\" height=\"768\" src=\"https:\/\/gds32-65.fr\/wp-content\/uploads\/2026\/05\/Organigramme.png\" class=\"attachment-large size-large wp-image-5201\" alt=\"\" srcset=\"https:\/\/gds32-65.fr\/wp-content\/uploads\/2026\/05\/Organigramme.png 1024w, https:\/\/gds32-65.fr\/wp-content\/uploads\/2026\/05\/Organigramme-300x225.png 300w, https:\/\/gds32-65.fr\/wp-content\/uploads\/2026\/05\/Organigramme-768x576.png 768w\" sizes=\"(max-width: 1024px) 100vw, 1024px\" \/>\t\t\t\t\t\t\t\t\t\t\t\t\t\t\t<\/div>\n\t\t\t\t<\/div>\n\t\t\t\t\t<\/div>\n\t\t\t\t<\/div>\n\t\t\t\t<\/div>\n\t\t","protected":false},"excerpt":{"rendered":"<p>Un groupement d&#8217;employeurs issue des deux GDS 32 et 65, a \u00e9t\u00e9 cr\u00e9\u00e9 afin de mutualiser le personnel pour r\u00e9pondre au mieux aux attentes du terrain et des services de l&rsquo;Etat.<\/p>\n","protected":false},"author":1,"featured_media":0,"parent":964,"menu_order":0,"comment_status":"closed","ping_status":"closed","template":"","meta":{"footnotes":""},"class_list":["post-7","page","type-page","status-publish","hentry"],"blocksy_meta":[],"yoast_head":"<!-- This site is optimized with the Yoast SEO plugin v27.6 - https:\/\/yoast.com\/product\/yoast-seo-wordpress\/ -->\n<title>Notre \u00e9quipe - GDS 32 et 65<\/title>\n<meta name=\"description\" content=\"Retrouvez ici l&#039;organigramme du GDS 32-65\" \/>\n<meta name=\"robots\" content=\"index, follow, max-snippet:-1, max-image-preview:large, max-video-preview:-1\" \/>\n<link rel=\"canonical\" href=\"https:\/\/gds32-65.fr\/index.php\/accueil\/presentation\/\" \/>\n<meta property=\"og:locale\" content=\"fr_FR\" \/>\n<meta property=\"og:type\" content=\"article\" \/>\n<meta property=\"og:title\" content=\"Notre \u00e9quipe - GDS 32 et 65\" \/>\n<meta property=\"og:description\" content=\"Retrouvez ici l&#039;organigramme du GDS 32-65\" \/>\n<meta property=\"og:url\" content=\"https:\/\/gds32-65.fr\/index.php\/accueil\/presentation\/\" \/>\n<meta property=\"og:site_name\" content=\"GDS 32 et 65\" \/>\n<meta property=\"article:publisher\" content=\"https:\/\/www.facebook.com\/gds32gds65aplma\" \/>\n<meta property=\"article:modified_time\" content=\"2026-05-05T15:02:15+00:00\" \/>\n<meta property=\"og:image\" content=\"https:\/\/gds32-65.fr\/wp-content\/uploads\/2026\/05\/Organigramme.png\" \/>\n<meta name=\"twitter:card\" content=\"summary_large_image\" \/>\n<meta name=\"twitter:label1\" content=\"Dur\u00e9e de lecture estim\u00e9e\" \/>\n\t<meta name=\"twitter:data1\" content=\"1 minute\" \/>\n<script type=\"application\/ld+json\" class=\"yoast-schema-graph\">{\"@context\":\"https:\\\/\\\/schema.org\",\"@graph\":[{\"@type\":\"WebPage\",\"@id\":\"https:\\\/\\\/gds32-65.fr\\\/index.php\\\/accueil\\\/presentation\\\/\",\"url\":\"https:\\\/\\\/gds32-65.fr\\\/index.php\\\/accueil\\\/presentation\\\/\",\"name\":\"Notre \u00e9quipe - GDS 32 et 65\",\"isPartOf\":{\"@id\":\"https:\\\/\\\/gds32-65.fr\\\/#website\"},\"primaryImageOfPage\":{\"@id\":\"https:\\\/\\\/gds32-65.fr\\\/index.php\\\/accueil\\\/presentation\\\/#primaryimage\"},\"image\":{\"@id\":\"https:\\\/\\\/gds32-65.fr\\\/index.php\\\/accueil\\\/presentation\\\/#primaryimage\"},\"thumbnailUrl\":\"https:\\\/\\\/gds32-65.fr\\\/wp-content\\\/uploads\\\/2026\\\/05\\\/Organigramme.png\",\"datePublished\":\"2024-11-17T16:51:15+00:00\",\"dateModified\":\"2026-05-05T15:02:15+00:00\",\"description\":\"Retrouvez ici l'organigramme du GDS 32-65\",\"breadcrumb\":{\"@id\":\"https:\\\/\\\/gds32-65.fr\\\/index.php\\\/accueil\\\/presentation\\\/#breadcrumb\"},\"inLanguage\":\"fr-FR\",\"potentialAction\":[{\"@type\":\"ReadAction\",\"target\":[\"https:\\\/\\\/gds32-65.fr\\\/index.php\\\/accueil\\\/presentation\\\/\"]}]},{\"@type\":\"ImageObject\",\"inLanguage\":\"fr-FR\",\"@id\":\"https:\\\/\\\/gds32-65.fr\\\/index.php\\\/accueil\\\/presentation\\\/#primaryimage\",\"url\":\"https:\\\/\\\/gds32-65.fr\\\/wp-content\\\/uploads\\\/2026\\\/05\\\/Organigramme.png\",\"contentUrl\":\"https:\\\/\\\/gds32-65.fr\\\/wp-content\\\/uploads\\\/2026\\\/05\\\/Organigramme.png\",\"width\":1024,\"height\":768},{\"@type\":\"BreadcrumbList\",\"@id\":\"https:\\\/\\\/gds32-65.fr\\\/index.php\\\/accueil\\\/presentation\\\/#breadcrumb\",\"itemListElement\":[{\"@type\":\"ListItem\",\"position\":1,\"name\":\"Accueil\",\"item\":\"https:\\\/\\\/gds32-65.fr\\\/\"},{\"@type\":\"ListItem\",\"position\":2,\"name\":\"GDS\",\"item\":\"https:\\\/\\\/gds32-65.fr\\\/\"},{\"@type\":\"ListItem\",\"position\":3,\"name\":\"Notre \u00e9quipe\"}]},{\"@type\":\"WebSite\",\"@id\":\"https:\\\/\\\/gds32-65.fr\\\/#website\",\"url\":\"https:\\\/\\\/gds32-65.fr\\\/\",\"name\":\"GDS 32-65\",\"description\":\"Bienvenue sur le site des GDS 32 et 65\",\"publisher\":{\"@id\":\"https:\\\/\\\/gds32-65.fr\\\/#organization\"},\"potentialAction\":[{\"@type\":\"SearchAction\",\"target\":{\"@type\":\"EntryPoint\",\"urlTemplate\":\"https:\\\/\\\/gds32-65.fr\\\/?s={search_term_string}\"},\"query-input\":{\"@type\":\"PropertyValueSpecification\",\"valueRequired\":true,\"valueName\":\"search_term_string\"}}],\"inLanguage\":\"fr-FR\"},{\"@type\":\"Organization\",\"@id\":\"https:\\\/\\\/gds32-65.fr\\\/#organization\",\"name\":\"GDS 32-65\",\"url\":\"https:\\\/\\\/gds32-65.fr\\\/\",\"logo\":{\"@type\":\"ImageObject\",\"inLanguage\":\"fr-FR\",\"@id\":\"https:\\\/\\\/gds32-65.fr\\\/#\\\/schema\\\/logo\\\/image\\\/\",\"url\":\"https:\\\/\\\/gds32-65.fr\\\/wp-content\\\/uploads\\\/2024\\\/11\\\/Fond-GDS-1.png\",\"contentUrl\":\"https:\\\/\\\/gds32-65.fr\\\/wp-content\\\/uploads\\\/2024\\\/11\\\/Fond-GDS-1.png\",\"width\":1095,\"height\":226,\"caption\":\"GDS 32-65\"},\"image\":{\"@id\":\"https:\\\/\\\/gds32-65.fr\\\/#\\\/schema\\\/logo\\\/image\\\/\"},\"sameAs\":[\"https:\\\/\\\/www.facebook.com\\\/gds32gds65aplma\"]}]}<\/script>\n<!-- \/ Yoast SEO plugin. -->","yoast_head_json":{"title":"Notre \u00e9quipe - GDS 32 et 65","description":"Retrouvez ici l'organigramme du GDS 32-65","robots":{"index":"index","follow":"follow","max-snippet":"max-snippet:-1","max-image-preview":"max-image-preview:large","max-video-preview":"max-video-preview:-1"},"canonical":"https:\/\/gds32-65.fr\/index.php\/accueil\/presentation\/","og_locale":"fr_FR","og_type":"article","og_title":"Notre \u00e9quipe - GDS 32 et 65","og_description":"Retrouvez ici l'organigramme du GDS 32-65","og_url":"https:\/\/gds32-65.fr\/index.php\/accueil\/presentation\/","og_site_name":"GDS 32 et 65","article_publisher":"https:\/\/www.facebook.com\/gds32gds65aplma","article_modified_time":"2026-05-05T15:02:15+00:00","og_image":[{"url":"https:\/\/gds32-65.fr\/wp-content\/uploads\/2026\/05\/Organigramme.png","type":"","width":"","height":""}],"twitter_card":"summary_large_image","twitter_misc":{"Dur\u00e9e de lecture estim\u00e9e":"1 minute"},"schema":{"@context":"https:\/\/schema.org","@graph":[{"@type":"WebPage","@id":"https:\/\/gds32-65.fr\/index.php\/accueil\/presentation\/","url":"https:\/\/gds32-65.fr\/index.php\/accueil\/presentation\/","name":"Notre \u00e9quipe - GDS 32 et 65","isPartOf":{"@id":"https:\/\/gds32-65.fr\/#website"},"primaryImageOfPage":{"@id":"https:\/\/gds32-65.fr\/index.php\/accueil\/presentation\/#primaryimage"},"image":{"@id":"https:\/\/gds32-65.fr\/index.php\/accueil\/presentation\/#primaryimage"},"thumbnailUrl":"https:\/\/gds32-65.fr\/wp-content\/uploads\/2026\/05\/Organigramme.png","datePublished":"2024-11-17T16:51:15+00:00","dateModified":"2026-05-05T15:02:15+00:00","description":"Retrouvez ici l'organigramme du GDS 32-65","breadcrumb":{"@id":"https:\/\/gds32-65.fr\/index.php\/accueil\/presentation\/#breadcrumb"},"inLanguage":"fr-FR","potentialAction":[{"@type":"ReadAction","target":["https:\/\/gds32-65.fr\/index.php\/accueil\/presentation\/"]}]},{"@type":"ImageObject","inLanguage":"fr-FR","@id":"https:\/\/gds32-65.fr\/index.php\/accueil\/presentation\/#primaryimage","url":"https:\/\/gds32-65.fr\/wp-content\/uploads\/2026\/05\/Organigramme.png","contentUrl":"https:\/\/gds32-65.fr\/wp-content\/uploads\/2026\/05\/Organigramme.png","width":1024,"height":768},{"@type":"BreadcrumbList","@id":"https:\/\/gds32-65.fr\/index.php\/accueil\/presentation\/#breadcrumb","itemListElement":[{"@type":"ListItem","position":1,"name":"Accueil","item":"https:\/\/gds32-65.fr\/"},{"@type":"ListItem","position":2,"name":"GDS","item":"https:\/\/gds32-65.fr\/"},{"@type":"ListItem","position":3,"name":"Notre \u00e9quipe"}]},{"@type":"WebSite","@id":"https:\/\/gds32-65.fr\/#website","url":"https:\/\/gds32-65.fr\/","name":"GDS 32-65","description":"Bienvenue sur le site des GDS 32 et 65","publisher":{"@id":"https:\/\/gds32-65.fr\/#organization"},"potentialAction":[{"@type":"SearchAction","target":{"@type":"EntryPoint","urlTemplate":"https:\/\/gds32-65.fr\/?s={search_term_string}"},"query-input":{"@type":"PropertyValueSpecification","valueRequired":true,"valueName":"search_term_string"}}],"inLanguage":"fr-FR"},{"@type":"Organization","@id":"https:\/\/gds32-65.fr\/#organization","name":"GDS 32-65","url":"https:\/\/gds32-65.fr\/","logo":{"@type":"ImageObject","inLanguage":"fr-FR","@id":"https:\/\/gds32-65.fr\/#\/schema\/logo\/image\/","url":"https:\/\/gds32-65.fr\/wp-content\/uploads\/2024\/11\/Fond-GDS-1.png","contentUrl":"https:\/\/gds32-65.fr\/wp-content\/uploads\/2024\/11\/Fond-GDS-1.png","width":1095,"height":226,"caption":"GDS 32-65"},"image":{"@id":"https:\/\/gds32-65.fr\/#\/schema\/logo\/image\/"},"sameAs":["https:\/\/www.facebook.com\/gds32gds65aplma"]}]}},"_links":{"self":[{"href":"https:\/\/gds32-65.fr\/index.php\/wp-json\/wp\/v2\/pages\/7","targetHints":{"allow":["GET"]}}],"collection":[{"href":"https:\/\/gds32-65.fr\/index.php\/wp-json\/wp\/v2\/pages"}],"about":[{"href":"https:\/\/gds32-65.fr\/index.php\/wp-json\/wp\/v2\/types\/page"}],"author":[{"embeddable":true,"href":"https:\/\/gds32-65.fr\/index.php\/wp-json\/wp\/v2\/users\/1"}],"replies":[{"embeddable":true,"href":"https:\/\/gds32-65.fr\/index.php\/wp-json\/wp\/v2\/comments?post=7"}],"version-history":[{"count":31,"href":"https:\/\/gds32-65.fr\/index.php\/wp-json\/wp\/v2\/pages\/7\/revisions"}],"predecessor-version":[{"id":5204,"href":"https:\/\/gds32-65.fr\/index.php\/wp-json\/wp\/v2\/pages\/7\/revisions\/5204"}],"up":[{"embeddable":true,"href":"https:\/\/gds32-65.fr\/index.php\/wp-json\/wp\/v2\/pages\/964"}],"wp:attachment":[{"href":"https:\/\/gds32-65.fr\/index.php\/wp-json\/wp\/v2\/media?parent=7"}],"curies":[{"name":"wp","href":"https:\/\/api.w.org\/{rel}","templated":true}]}}