{"id":4845,"date":"2025-12-19T16:51:53","date_gmt":"2025-12-19T15:51:53","guid":{"rendered":"https:\/\/gds32-65.fr\/?page_id=4845"},"modified":"2026-02-24T16:06:22","modified_gmt":"2026-02-24T15:06:22","slug":"vaccination-et-biosecurite","status":"publish","type":"page","link":"https:\/\/gds32-65.fr\/index.php\/vaccination-et-biosecurite\/","title":{"rendered":"Vaccination et bios\u00e9curit\u00e9"},"content":{"rendered":"\n<h4 class=\"wp-block-heading has-text-align-center\">Suite \u00e0 la demande de plusieurs d&rsquo;entre vous, vous trouverez <a href=\"https:\/\/www.okteo.fr\/WSBVD\/index.xhtml?gds=GDSOC\">ici<\/a> un outil permettant de consulter ou \u00e9diter des attestations individuelles de vaccination DNC. <\/h4>\n\n\n\n<p>L&rsquo;attestation devrait \u00eatre modifi\u00e9e prochainement ( suppression du taux de vaccination qui est une donn\u00e9e \u00e9volutive). Pour rappel ces attestations ne valent pas LPS mais permettent de s&rsquo;assurer de l&rsquo;enregistrement du statut vaccinal de bovins devant \u00eatre commercialis\u00e9s.<\/p>\n\n\n\n<p><\/p>\n\n\n\n<figure class=\"wp-block-gallery has-nested-images columns-default is-cropped wp-block-gallery-1 is-layout-flex wp-block-gallery-is-layout-flex\">\n<figure class=\"wp-block-image size-large\"><img fetchpriority=\"high\" decoding=\"async\" width=\"940\" height=\"788\" data-id=\"4814\" src=\"https:\/\/gds32-65.fr\/wp-content\/uploads\/2025\/12\/361ec2ab-4e5c-406d-a14f-aa65125fe3a9.jpg\" alt=\"\" class=\"wp-image-4814\" srcset=\"https:\/\/gds32-65.fr\/wp-content\/uploads\/2025\/12\/361ec2ab-4e5c-406d-a14f-aa65125fe3a9.jpg 940w, https:\/\/gds32-65.fr\/wp-content\/uploads\/2025\/12\/361ec2ab-4e5c-406d-a14f-aa65125fe3a9-300x251.jpg 300w, https:\/\/gds32-65.fr\/wp-content\/uploads\/2025\/12\/361ec2ab-4e5c-406d-a14f-aa65125fe3a9-768x644.jpg 768w\" sizes=\"(max-width: 940px) 100vw, 940px\" \/><\/figure>\n\n\n\n<figure class=\"wp-block-image size-large\"><img decoding=\"async\" width=\"940\" height=\"788\" data-id=\"4813\" src=\"https:\/\/gds32-65.fr\/wp-content\/uploads\/2025\/12\/9b1b97e9-a6b1-44d6-aa75-11394084c8e9.jpg\" alt=\"\" class=\"wp-image-4813\" srcset=\"https:\/\/gds32-65.fr\/wp-content\/uploads\/2025\/12\/9b1b97e9-a6b1-44d6-aa75-11394084c8e9.jpg 940w, https:\/\/gds32-65.fr\/wp-content\/uploads\/2025\/12\/9b1b97e9-a6b1-44d6-aa75-11394084c8e9-300x251.jpg 300w, https:\/\/gds32-65.fr\/wp-content\/uploads\/2025\/12\/9b1b97e9-a6b1-44d6-aa75-11394084c8e9-768x644.jpg 768w\" sizes=\"(max-width: 940px) 100vw, 940px\" \/><\/figure>\n<\/figure>\n\n\n\n<figure class=\"wp-block-gallery has-nested-images columns-default is-cropped wp-block-gallery-2 is-layout-flex wp-block-gallery-is-layout-flex\">\n<figure class=\"wp-block-image size-large\"><img decoding=\"async\" width=\"940\" height=\"788\" data-id=\"4407\" src=\"https:\/\/gds32-65.fr\/wp-content\/uploads\/2025\/10\/intro-1.png\" alt=\"\" class=\"wp-image-4407\" srcset=\"https:\/\/gds32-65.fr\/wp-content\/uploads\/2025\/10\/intro-1.png 940w, https:\/\/gds32-65.fr\/wp-content\/uploads\/2025\/10\/intro-1-300x251.png 300w, https:\/\/gds32-65.fr\/wp-content\/uploads\/2025\/10\/intro-1-768x644.png 768w\" sizes=\"(max-width: 940px) 100vw, 940px\" \/><\/figure>\n\n\n\n<figure class=\"wp-block-image size-large\"><img loading=\"lazy\" decoding=\"async\" width=\"940\" height=\"788\" data-id=\"4400\" src=\"https:\/\/gds32-65.fr\/wp-content\/uploads\/2025\/10\/3.png\" alt=\"\" class=\"wp-image-4400\" srcset=\"https:\/\/gds32-65.fr\/wp-content\/uploads\/2025\/10\/3.png 940w, https:\/\/gds32-65.fr\/wp-content\/uploads\/2025\/10\/3-300x251.png 300w, https:\/\/gds32-65.fr\/wp-content\/uploads\/2025\/10\/3-768x644.png 768w\" sizes=\"(max-width: 940px) 100vw, 940px\" \/><\/figure>\n<\/figure>\n\n\n\n<figure class=\"wp-block-gallery has-nested-images columns-default is-cropped wp-block-gallery-3 is-layout-flex wp-block-gallery-is-layout-flex\">\n<figure class=\"wp-block-image size-full\"><img loading=\"lazy\" decoding=\"async\" width=\"940\" height=\"788\" data-id=\"4405\" src=\"https:\/\/gds32-65.fr\/wp-content\/uploads\/2025\/10\/intro.png\" alt=\"\" class=\"wp-image-4405\" srcset=\"https:\/\/gds32-65.fr\/wp-content\/uploads\/2025\/10\/intro.png 940w, https:\/\/gds32-65.fr\/wp-content\/uploads\/2025\/10\/intro-300x251.png 300w, https:\/\/gds32-65.fr\/wp-content\/uploads\/2025\/10\/intro-768x644.png 768w\" sizes=\"(max-width: 940px) 100vw, 940px\" \/><\/figure>\n<\/figure>\n\n\n\n<p><\/p>\n","protected":false},"excerpt":{"rendered":"<p>Suite \u00e0 la demande de plusieurs d&rsquo;entre vous, vous trouverez ici un outil permettant de consulter ou \u00e9diter des attestations individuelles de vaccination DNC. L&rsquo;attestation devrait \u00eatre modifi\u00e9e prochainement ( suppression du taux de vaccination qui est une donn\u00e9e \u00e9volutive). Pour rappel ces attestations ne valent pas LPS mais permettent de s&rsquo;assurer de l&rsquo;enregistrement du [&hellip;]<\/p>\n","protected":false},"author":1,"featured_media":0,"parent":0,"menu_order":38,"comment_status":"closed","ping_status":"closed","template":"","meta":{"footnotes":""},"class_list":["post-4845","page","type-page","status-publish","hentry"],"blocksy_meta":[],"yoast_head":"<!-- This site is optimized with the Yoast SEO plugin v27.3 - https:\/\/yoast.com\/product\/yoast-seo-wordpress\/ -->\n<title>Vaccination et bios\u00e9curit\u00e9 - GDS 32 et 65<\/title>\n<meta name=\"robots\" content=\"index, follow, max-snippet:-1, max-image-preview:large, max-video-preview:-1\" \/>\n<link rel=\"canonical\" href=\"https:\/\/gds32-65.fr\/index.php\/vaccination-et-biosecurite\/\" \/>\n<meta property=\"og:locale\" content=\"fr_FR\" \/>\n<meta property=\"og:type\" content=\"article\" \/>\n<meta property=\"og:title\" content=\"Vaccination et bios\u00e9curit\u00e9 - GDS 32 et 65\" \/>\n<meta property=\"og:description\" content=\"Suite \u00e0 la demande de plusieurs d&rsquo;entre vous, vous trouverez ici un outil permettant de consulter ou \u00e9diter des attestations individuelles de vaccination DNC. L&rsquo;attestation devrait \u00eatre modifi\u00e9e prochainement ( suppression du taux de vaccination qui est une donn\u00e9e \u00e9volutive). Pour rappel ces attestations ne valent pas LPS mais permettent de s&rsquo;assurer de l&rsquo;enregistrement du [&hellip;]\" \/>\n<meta property=\"og:url\" content=\"https:\/\/gds32-65.fr\/index.php\/vaccination-et-biosecurite\/\" \/>\n<meta property=\"og:site_name\" content=\"GDS 32 et 65\" \/>\n<meta property=\"article:publisher\" content=\"https:\/\/www.facebook.com\/gds32gds65aplma\" \/>\n<meta property=\"article:modified_time\" content=\"2026-02-24T15:06:22+00:00\" \/>\n<meta property=\"og:image\" content=\"https:\/\/gds32-65.fr\/wp-content\/uploads\/2025\/12\/361ec2ab-4e5c-406d-a14f-aa65125fe3a9.jpg\" \/>\n\t<meta property=\"og:image:width\" content=\"940\" \/>\n\t<meta property=\"og:image:height\" content=\"788\" \/>\n\t<meta property=\"og:image:type\" content=\"image\/jpeg\" \/>\n<meta name=\"twitter:card\" content=\"summary_large_image\" \/>\n<meta name=\"twitter:label1\" content=\"Dur\u00e9e de lecture estim\u00e9e\" \/>\n\t<meta name=\"twitter:data1\" content=\"2 minutes\" \/>\n<script type=\"application\/ld+json\" class=\"yoast-schema-graph\">{\"@context\":\"https:\\\/\\\/schema.org\",\"@graph\":[{\"@type\":\"WebPage\",\"@id\":\"https:\\\/\\\/gds32-65.fr\\\/index.php\\\/vaccination-et-biosecurite\\\/\",\"url\":\"https:\\\/\\\/gds32-65.fr\\\/index.php\\\/vaccination-et-biosecurite\\\/\",\"name\":\"Vaccination et bios\u00e9curit\u00e9 - GDS 32 et 65\",\"isPartOf\":{\"@id\":\"https:\\\/\\\/gds32-65.fr\\\/#website\"},\"primaryImageOfPage\":{\"@id\":\"https:\\\/\\\/gds32-65.fr\\\/index.php\\\/vaccination-et-biosecurite\\\/#primaryimage\"},\"image\":{\"@id\":\"https:\\\/\\\/gds32-65.fr\\\/index.php\\\/vaccination-et-biosecurite\\\/#primaryimage\"},\"thumbnailUrl\":\"https:\\\/\\\/gds32-65.fr\\\/wp-content\\\/uploads\\\/2025\\\/12\\\/361ec2ab-4e5c-406d-a14f-aa65125fe3a9.jpg\",\"datePublished\":\"2025-12-19T15:51:53+00:00\",\"dateModified\":\"2026-02-24T15:06:22+00:00\",\"breadcrumb\":{\"@id\":\"https:\\\/\\\/gds32-65.fr\\\/index.php\\\/vaccination-et-biosecurite\\\/#breadcrumb\"},\"inLanguage\":\"fr-FR\",\"potentialAction\":[{\"@type\":\"ReadAction\",\"target\":[\"https:\\\/\\\/gds32-65.fr\\\/index.php\\\/vaccination-et-biosecurite\\\/\"]}]},{\"@type\":\"ImageObject\",\"inLanguage\":\"fr-FR\",\"@id\":\"https:\\\/\\\/gds32-65.fr\\\/index.php\\\/vaccination-et-biosecurite\\\/#primaryimage\",\"url\":\"https:\\\/\\\/gds32-65.fr\\\/wp-content\\\/uploads\\\/2025\\\/12\\\/361ec2ab-4e5c-406d-a14f-aa65125fe3a9.jpg\",\"contentUrl\":\"https:\\\/\\\/gds32-65.fr\\\/wp-content\\\/uploads\\\/2025\\\/12\\\/361ec2ab-4e5c-406d-a14f-aa65125fe3a9.jpg\",\"width\":940,\"height\":788},{\"@type\":\"BreadcrumbList\",\"@id\":\"https:\\\/\\\/gds32-65.fr\\\/index.php\\\/vaccination-et-biosecurite\\\/#breadcrumb\",\"itemListElement\":[{\"@type\":\"ListItem\",\"position\":1,\"name\":\"Accueil\",\"item\":\"https:\\\/\\\/gds32-65.fr\\\/\"},{\"@type\":\"ListItem\",\"position\":2,\"name\":\"Vaccination et bios\u00e9curit\u00e9\"}]},{\"@type\":\"WebSite\",\"@id\":\"https:\\\/\\\/gds32-65.fr\\\/#website\",\"url\":\"https:\\\/\\\/gds32-65.fr\\\/\",\"name\":\"GDS 32-65\",\"description\":\"Bienvenue sur le site des GDS 32 et 65\",\"publisher\":{\"@id\":\"https:\\\/\\\/gds32-65.fr\\\/#organization\"},\"potentialAction\":[{\"@type\":\"SearchAction\",\"target\":{\"@type\":\"EntryPoint\",\"urlTemplate\":\"https:\\\/\\\/gds32-65.fr\\\/?s={search_term_string}\"},\"query-input\":{\"@type\":\"PropertyValueSpecification\",\"valueRequired\":true,\"valueName\":\"search_term_string\"}}],\"inLanguage\":\"fr-FR\"},{\"@type\":\"Organization\",\"@id\":\"https:\\\/\\\/gds32-65.fr\\\/#organization\",\"name\":\"GDS 32-65\",\"url\":\"https:\\\/\\\/gds32-65.fr\\\/\",\"logo\":{\"@type\":\"ImageObject\",\"inLanguage\":\"fr-FR\",\"@id\":\"https:\\\/\\\/gds32-65.fr\\\/#\\\/schema\\\/logo\\\/image\\\/\",\"url\":\"https:\\\/\\\/gds32-65.fr\\\/wp-content\\\/uploads\\\/2024\\\/11\\\/Fond-GDS-1.png\",\"contentUrl\":\"https:\\\/\\\/gds32-65.fr\\\/wp-content\\\/uploads\\\/2024\\\/11\\\/Fond-GDS-1.png\",\"width\":1095,\"height\":226,\"caption\":\"GDS 32-65\"},\"image\":{\"@id\":\"https:\\\/\\\/gds32-65.fr\\\/#\\\/schema\\\/logo\\\/image\\\/\"},\"sameAs\":[\"https:\\\/\\\/www.facebook.com\\\/gds32gds65aplma\"]}]}<\/script>\n<!-- \/ Yoast SEO plugin. -->","yoast_head_json":{"title":"Vaccination et bios\u00e9curit\u00e9 - GDS 32 et 65","robots":{"index":"index","follow":"follow","max-snippet":"max-snippet:-1","max-image-preview":"max-image-preview:large","max-video-preview":"max-video-preview:-1"},"canonical":"https:\/\/gds32-65.fr\/index.php\/vaccination-et-biosecurite\/","og_locale":"fr_FR","og_type":"article","og_title":"Vaccination et bios\u00e9curit\u00e9 - GDS 32 et 65","og_description":"Suite \u00e0 la demande de plusieurs d&rsquo;entre vous, vous trouverez ici un outil permettant de consulter ou \u00e9diter des attestations individuelles de vaccination DNC. L&rsquo;attestation devrait \u00eatre modifi\u00e9e prochainement ( suppression du taux de vaccination qui est une donn\u00e9e \u00e9volutive). Pour rappel ces attestations ne valent pas LPS mais permettent de s&rsquo;assurer de l&rsquo;enregistrement du [&hellip;]","og_url":"https:\/\/gds32-65.fr\/index.php\/vaccination-et-biosecurite\/","og_site_name":"GDS 32 et 65","article_publisher":"https:\/\/www.facebook.com\/gds32gds65aplma","article_modified_time":"2026-02-24T15:06:22+00:00","og_image":[{"width":940,"height":788,"url":"https:\/\/gds32-65.fr\/wp-content\/uploads\/2025\/12\/361ec2ab-4e5c-406d-a14f-aa65125fe3a9.jpg","type":"image\/jpeg"}],"twitter_card":"summary_large_image","twitter_misc":{"Dur\u00e9e de lecture estim\u00e9e":"2 minutes"},"schema":{"@context":"https:\/\/schema.org","@graph":[{"@type":"WebPage","@id":"https:\/\/gds32-65.fr\/index.php\/vaccination-et-biosecurite\/","url":"https:\/\/gds32-65.fr\/index.php\/vaccination-et-biosecurite\/","name":"Vaccination et bios\u00e9curit\u00e9 - GDS 32 et 65","isPartOf":{"@id":"https:\/\/gds32-65.fr\/#website"},"primaryImageOfPage":{"@id":"https:\/\/gds32-65.fr\/index.php\/vaccination-et-biosecurite\/#primaryimage"},"image":{"@id":"https:\/\/gds32-65.fr\/index.php\/vaccination-et-biosecurite\/#primaryimage"},"thumbnailUrl":"https:\/\/gds32-65.fr\/wp-content\/uploads\/2025\/12\/361ec2ab-4e5c-406d-a14f-aa65125fe3a9.jpg","datePublished":"2025-12-19T15:51:53+00:00","dateModified":"2026-02-24T15:06:22+00:00","breadcrumb":{"@id":"https:\/\/gds32-65.fr\/index.php\/vaccination-et-biosecurite\/#breadcrumb"},"inLanguage":"fr-FR","potentialAction":[{"@type":"ReadAction","target":["https:\/\/gds32-65.fr\/index.php\/vaccination-et-biosecurite\/"]}]},{"@type":"ImageObject","inLanguage":"fr-FR","@id":"https:\/\/gds32-65.fr\/index.php\/vaccination-et-biosecurite\/#primaryimage","url":"https:\/\/gds32-65.fr\/wp-content\/uploads\/2025\/12\/361ec2ab-4e5c-406d-a14f-aa65125fe3a9.jpg","contentUrl":"https:\/\/gds32-65.fr\/wp-content\/uploads\/2025\/12\/361ec2ab-4e5c-406d-a14f-aa65125fe3a9.jpg","width":940,"height":788},{"@type":"BreadcrumbList","@id":"https:\/\/gds32-65.fr\/index.php\/vaccination-et-biosecurite\/#breadcrumb","itemListElement":[{"@type":"ListItem","position":1,"name":"Accueil","item":"https:\/\/gds32-65.fr\/"},{"@type":"ListItem","position":2,"name":"Vaccination et bios\u00e9curit\u00e9"}]},{"@type":"WebSite","@id":"https:\/\/gds32-65.fr\/#website","url":"https:\/\/gds32-65.fr\/","name":"GDS 32-65","description":"Bienvenue sur le site des GDS 32 et 65","publisher":{"@id":"https:\/\/gds32-65.fr\/#organization"},"potentialAction":[{"@type":"SearchAction","target":{"@type":"EntryPoint","urlTemplate":"https:\/\/gds32-65.fr\/?s={search_term_string}"},"query-input":{"@type":"PropertyValueSpecification","valueRequired":true,"valueName":"search_term_string"}}],"inLanguage":"fr-FR"},{"@type":"Organization","@id":"https:\/\/gds32-65.fr\/#organization","name":"GDS 32-65","url":"https:\/\/gds32-65.fr\/","logo":{"@type":"ImageObject","inLanguage":"fr-FR","@id":"https:\/\/gds32-65.fr\/#\/schema\/logo\/image\/","url":"https:\/\/gds32-65.fr\/wp-content\/uploads\/2024\/11\/Fond-GDS-1.png","contentUrl":"https:\/\/gds32-65.fr\/wp-content\/uploads\/2024\/11\/Fond-GDS-1.png","width":1095,"height":226,"caption":"GDS 32-65"},"image":{"@id":"https:\/\/gds32-65.fr\/#\/schema\/logo\/image\/"},"sameAs":["https:\/\/www.facebook.com\/gds32gds65aplma"]}]}},"_links":{"self":[{"href":"https:\/\/gds32-65.fr\/index.php\/wp-json\/wp\/v2\/pages\/4845","targetHints":{"allow":["GET"]}}],"collection":[{"href":"https:\/\/gds32-65.fr\/index.php\/wp-json\/wp\/v2\/pages"}],"about":[{"href":"https:\/\/gds32-65.fr\/index.php\/wp-json\/wp\/v2\/types\/page"}],"author":[{"embeddable":true,"href":"https:\/\/gds32-65.fr\/index.php\/wp-json\/wp\/v2\/users\/1"}],"replies":[{"embeddable":true,"href":"https:\/\/gds32-65.fr\/index.php\/wp-json\/wp\/v2\/comments?post=4845"}],"version-history":[{"count":13,"href":"https:\/\/gds32-65.fr\/index.php\/wp-json\/wp\/v2\/pages\/4845\/revisions"}],"predecessor-version":[{"id":5017,"href":"https:\/\/gds32-65.fr\/index.php\/wp-json\/wp\/v2\/pages\/4845\/revisions\/5017"}],"wp:attachment":[{"href":"https:\/\/gds32-65.fr\/index.php\/wp-json\/wp\/v2\/media?parent=4845"}],"curies":[{"name":"wp","href":"https:\/\/api.w.org\/{rel}","templated":true}]}}