{"id":4566,"date":"2025-11-07T14:58:09","date_gmt":"2025-11-07T13:58:09","guid":{"rendered":"https:\/\/gds32-65.fr\/?page_id=4566"},"modified":"2025-11-07T14:59:30","modified_gmt":"2025-11-07T13:59:30","slug":"elementor-4566","status":"publish","type":"page","link":"https:\/\/gds32-65.fr\/index.php\/formations\/elementor-4566\/","title":{"rendered":"Inscription aux formations"},"content":{"rendered":"\t\t<div data-elementor-type=\"wp-page\" data-elementor-id=\"4566\" class=\"elementor elementor-4566\">\n\t\t\t\t<div class=\"elementor-element elementor-element-27d54d4 e-flex e-con-boxed e-con e-parent\" data-id=\"27d54d4\" data-element_type=\"container\" data-e-type=\"container\">\n\t\t\t\t\t<div class=\"e-con-inner\">\n\t\t\t\t<div class=\"elementor-element elementor-element-53d4bae elementor-widget elementor-widget-wpforms\" data-id=\"53d4bae\" data-element_type=\"widget\" data-e-type=\"widget\" data-widget_type=\"wpforms.default\">\n\t\t\t\t<div class=\"elementor-widget-container\">\n\t\t\t\t\t<div class=\"wpforms-container wpforms-render-modern\" id=\"wpforms-4537\"><form id=\"wpforms-form-4537\" class=\"wpforms-validate wpforms-form wpforms-ajax-form\" data-formid=\"4537\" method=\"post\" enctype=\"multipart\/form-data\" action=\"\/index.php\/wp-json\/wp\/v2\/pages\/4566\" data-token=\"1faafac87b553e395b8c08855b0e676f\" data-token-time=\"1777579187\"><noscript class=\"wpforms-error-noscript\">Veuillez activer JavaScript dans votre navigateur pour remplir ce formulaire.<\/noscript><div id=\"wpforms-error-noscript\" style=\"display: none;\">Veuillez activer JavaScript dans votre navigateur pour remplir ce formulaire.<\/div><div class=\"wpforms-field-container\"><div id=\"wpforms-4537-field_13-container\" class=\"wpforms-field wpforms-field-text\" data-field-id=\"13\"><label class=\"wpforms-field-label\" for=\"wpforms-4537-field_13\">N\u00b0 EDE ( 8 Caract\u00e8res) <span class=\"wpforms-required-label\" aria-hidden=\"true\">*<\/span><\/label><input type=\"text\" id=\"wpforms-4537-field_13\" class=\"wpforms-field-medium wpforms-field-required wpforms-limit-characters-enabled\" data-form-id=\"4537\" data-field-id=\"13\" data-text-limit=\"8\" name=\"wpforms[fields][13]\" aria-errormessage=\"wpforms-4537-field_13-error\" maxlength=\"8\" required><\/div><div id=\"wpforms-4537-field_1-container\" class=\"wpforms-field wpforms-field-name\" data-field-id=\"1\"><label class=\"wpforms-field-label\" for=\"wpforms-4537-field_1\">Nom et Pr\u00e9nom <span class=\"wpforms-required-label\" aria-hidden=\"true\">*<\/span><\/label><input type=\"text\" id=\"wpforms-4537-field_1\" class=\"wpforms-field-medium wpforms-field-required\" name=\"wpforms[fields][1]\" aria-errormessage=\"wpforms-4537-field_1-error\" required><\/div><div id=\"wpforms-4537-field_9-container\" class=\"wpforms-field wpforms-field-text\" data-field-id=\"9\"><label class=\"wpforms-field-label\" for=\"wpforms-4537-field_9\">Date de naissance <span class=\"wpforms-required-label\" aria-hidden=\"true\">*<\/span><\/label><input type=\"text\" id=\"wpforms-4537-field_9\" class=\"wpforms-field-medium wpforms-field-required\" name=\"wpforms[fields][9]\" aria-errormessage=\"wpforms-4537-field_9-error\" required><\/div><div id=\"wpforms-4537-field_2-container\" class=\"wpforms-field wpforms-field-email\" data-field-id=\"2\"><label class=\"wpforms-field-label\" for=\"wpforms-4537-field_2\">Email <span class=\"wpforms-required-label\" aria-hidden=\"true\">*<\/span><\/label><input type=\"email\" id=\"wpforms-4537-field_2\" class=\"wpforms-field-medium wpforms-field-required\" name=\"wpforms[fields][2]\" spellcheck=\"false\" aria-errormessage=\"wpforms-4537-field_2-error\" required><\/div><div id=\"wpforms-4537-field_10-container\" class=\"wpforms-field wpforms-field-text\" data-field-id=\"10\"><label class=\"wpforms-field-label\" for=\"wpforms-4537-field_10\">Num\u00e9ro de t\u00e9l\u00e9phone <span class=\"wpforms-required-label\" aria-hidden=\"true\">*<\/span><\/label><input type=\"text\" id=\"wpforms-4537-field_10\" class=\"wpforms-field-medium wpforms-field-required\" name=\"wpforms[fields][10]\" aria-errormessage=\"wpforms-4537-field_10-error\" required><\/div><div id=\"wpforms-4537-field_4-container\" class=\"wpforms-field wpforms-field-checkbox\" data-field-id=\"4\"><fieldset><legend class=\"wpforms-field-label\">Quelle formation vous int\u00e9resse (Plusieurs choix possibles) ? <span class=\"wpforms-required-label\" aria-hidden=\"true\">*<\/span><\/legend><ul id=\"wpforms-4537-field_4\" class=\"wpforms-field-required\"><li class=\"choice-1 depth-1\"><input type=\"checkbox\" id=\"wpforms-4537-field_4_1\" name=\"wpforms[fields][4][]\" value=\"Formation Ost\u00e9opathie (1 jour) - 8 D\u00e9cembre 2025 - Bovins (Dpt 65)\" aria-errormessage=\"wpforms-4537-field_4_1-error\" required ><label class=\"wpforms-field-label-inline\" for=\"wpforms-4537-field_4_1\">Formation Ost\u00e9opathie (1 jour) - 8 D\u00e9cembre 2025 - Bovins (Dpt 65)<\/label><\/li><li class=\"choice-7 depth-1\"><input type=\"checkbox\" id=\"wpforms-4537-field_4_7\" name=\"wpforms[fields][4][]\" value=\"Formation Ost\u00e9opathie (1 jour) - 19 Janvier 2026 - Petits ruminants (Dpt 65)\" aria-errormessage=\"wpforms-4537-field_4_7-error\" required ><label class=\"wpforms-field-label-inline\" for=\"wpforms-4537-field_4_7\">Formation Ost\u00e9opathie (1 jour) - 19 Janvier 2026 - Petits ruminants (Dpt 65)<\/label><\/li><li class=\"choice-8 depth-1\"><input type=\"checkbox\" id=\"wpforms-4537-field_4_8\" name=\"wpforms[fields][4][]\" value=\"Formation Ost\u00e9opathie (1 jour) - 16 F\u00e9vrier 2026 - Mixte (Dpt 32)\" aria-errormessage=\"wpforms-4537-field_4_8-error\" required ><label class=\"wpforms-field-label-inline\" for=\"wpforms-4537-field_4_8\">Formation Ost\u00e9opathie (1 jour) - 16 F\u00e9vrier 2026 - Mixte (Dpt 32)<\/label><\/li><li class=\"choice-2 depth-1\"><input type=\"checkbox\" id=\"wpforms-4537-field_4_2\" name=\"wpforms[fields][4][]\" value=\"Approche Comportementale (2 jours) - 15 D\u00e9cembre 2025 + Janvier 2026 (\u00e0 d\u00e9finir) - Mixte (Dpt 65)\" aria-errormessage=\"wpforms-4537-field_4_2-error\" required ><label class=\"wpforms-field-label-inline\" for=\"wpforms-4537-field_4_2\">Approche Comportementale (2 jours) - 15 D\u00e9cembre 2025 + Janvier 2026 (\u00e0 d\u00e9finir) - Mixte (Dpt 65)<\/label><\/li><li class=\"choice-9 depth-1\"><input type=\"checkbox\" id=\"wpforms-4537-field_4_9\" name=\"wpforms[fields][4][]\" value=\"Approche Comportementale (2 jours) - Janvier 2026 + F\u00e9vrier 2026 (\u00e0 d\u00e9finir) - Mixte (Dpt 32)\" aria-errormessage=\"wpforms-4537-field_4_9-error\" required ><label class=\"wpforms-field-label-inline\" for=\"wpforms-4537-field_4_9\">Approche Comportementale (2 jours) - Janvier 2026 + F\u00e9vrier 2026 (\u00e0 d\u00e9finir) - Mixte (Dpt 32)<\/label><\/li><li class=\"choice-12 depth-1\"><input type=\"checkbox\" id=\"wpforms-4537-field_4_12\" name=\"wpforms[fields][4][]\" value=\"Eleveur infirmier (1 jour) - 18 D\u00e9cembre 2025 - Mixte (Dpt 32 et 65)\" aria-errormessage=\"wpforms-4537-field_4_12-error\" required ><label class=\"wpforms-field-label-inline\" for=\"wpforms-4537-field_4_12\">Eleveur infirmier (1 jour) - 18 D\u00e9cembre 2025 - Mixte (Dpt 32 et 65)<\/label><\/li><li class=\"choice-3 depth-1\"><input type=\"checkbox\" id=\"wpforms-4537-field_4_3\" name=\"wpforms[fields][4][]\" value=\"Ambiance b\u00e2timent (1 jour) - 12 F\u00e9vrier 2026 - Mixte (Dpt 65)\" aria-errormessage=\"wpforms-4537-field_4_3-error\" required ><label class=\"wpforms-field-label-inline\" for=\"wpforms-4537-field_4_3\">Ambiance b\u00e2timent (1 jour) - 12 F\u00e9vrier 2026 - Mixte (Dpt 65)<\/label><\/li><li class=\"choice-10 depth-1\"><input type=\"checkbox\" id=\"wpforms-4537-field_4_10\" name=\"wpforms[fields][4][]\" value=\"Ambiance b\u00e2timent (1 jour) - 23 Janvier 2026 - Mixte (Dpt 32)\" aria-errormessage=\"wpforms-4537-field_4_10-error\" required ><label class=\"wpforms-field-label-inline\" for=\"wpforms-4537-field_4_10\">Ambiance b\u00e2timent (1 jour) - 23 Janvier 2026 - Mixte (Dpt 32)<\/label><\/li><li class=\"choice-4 depth-1\"><input type=\"checkbox\" id=\"wpforms-4537-field_4_4\" name=\"wpforms[fields][4][]\" value=\"Parage (1 jour) - Janvier 2026 (\u00e0 d\u00e9finir) - Bovins (Dpt 65)\" aria-errormessage=\"wpforms-4537-field_4_4-error\" required ><label class=\"wpforms-field-label-inline\" for=\"wpforms-4537-field_4_4\">Parage (1 jour) - Janvier 2026 (\u00e0 d\u00e9finir) - Bovins (Dpt 65)<\/label><\/li><li class=\"choice-13 depth-1\"><input type=\"checkbox\" id=\"wpforms-4537-field_4_13\" name=\"wpforms[fields][4][]\" value=\"Parage (1 jour) - Janvier 2026 (\u00e0 d\u00e9finir) - Bovins (Dpt 32)\" aria-errormessage=\"wpforms-4537-field_4_13-error\" required ><label class=\"wpforms-field-label-inline\" for=\"wpforms-4537-field_4_13\">Parage (1 jour) - Janvier 2026 (\u00e0 d\u00e9finir) - Bovins (Dpt 32)<\/label><\/li><li class=\"choice-14 depth-1\"><input type=\"checkbox\" id=\"wpforms-4537-field_4_14\" name=\"wpforms[fields][4][]\" value=\"Sant\u00e9 et croissance de la g\u00e9nisse (1 jour) - Semaine du 02 au 06 F\u00e9vrier 2026 - Bovins (Dpt 32 et 65)\" aria-errormessage=\"wpforms-4537-field_4_14-error\" required ><label class=\"wpforms-field-label-inline\" for=\"wpforms-4537-field_4_14\">Sant\u00e9 et croissance de la g\u00e9nisse (1 jour) - Semaine du 02 au 06 F\u00e9vrier 2026 - Bovins (Dpt 32 et 65)<\/label><\/li><\/ul><\/fieldset><\/div>\t\t<div id=\"wpforms-4537-field_3-container\"\n\t\t\tclass=\"wpforms-field wpforms-field-text\"\n\t\t\tdata-field-type=\"text\"\n\t\t\tdata-field-id=\"3\"\n\t\t\t>\n\t\t\t<label class=\"wpforms-field-label\" for=\"wpforms-4537-field_3\" >Quelle 8 naissance<\/label>\n\t\t\t<input type=\"text\" id=\"wpforms-4537-field_3\" class=\"wpforms-field-medium\" name=\"wpforms[fields][3]\" >\n\t\t<\/div>\n\t\t<div id=\"wpforms-4537-field_7-container\" class=\"wpforms-field wpforms-field-textarea\" data-field-id=\"7\"><label class=\"wpforms-field-label\" for=\"wpforms-4537-field_7\">Commentaires<\/label><textarea id=\"wpforms-4537-field_7\" class=\"wpforms-field-medium\" name=\"wpforms[fields][7]\" aria-errormessage=\"wpforms-4537-field_7-error\" ><\/textarea><\/div><script>\n\t\t\t\t( function() {\n\t\t\t\t\tconst style = document.createElement( 'style' );\n\t\t\t\t\tstyle.appendChild( document.createTextNode( '#wpforms-4537-field_3-container { position: absolute !important; overflow: hidden !important; display: inline !important; height: 1px !important; width: 1px !important; z-index: -1000 !important; padding: 0 !important; } #wpforms-4537-field_3-container input { visibility: hidden; } #wpforms-conversational-form-page #wpforms-4537-field_3-container label { counter-increment: none; }' ) );\n\t\t\t\t\tdocument.head.appendChild( style );\n\t\t\t\t\tdocument.currentScript?.remove();\n\t\t\t\t} )();\n\t\t\t<\/script><\/div><!-- .wpforms-field-container --><div class=\"wpforms-submit-container\" ><input type=\"hidden\" name=\"wpforms[id]\" value=\"4537\"><input type=\"hidden\" name=\"page_title\" value=\"\"><input type=\"hidden\" name=\"page_url\" value=\"https:\/\/gds32-65.fr\/index.php\/wp-json\/wp\/v2\/pages\/4566\"><input type=\"hidden\" name=\"url_referer\" value=\"\"><button type=\"submit\" name=\"wpforms[submit]\" id=\"wpforms-submit-4537\" class=\"wpforms-submit\" data-alt-text=\"Envoi en cours...\" data-submit-text=\"Envoyer\" aria-live=\"assertive\" value=\"wpforms-submit\">Envoyer<\/button><img decoding=\"async\" src=\"https:\/\/gds32-65.fr\/wp-content\/plugins\/wpforms-lite\/assets\/images\/submit-spin.svg\" class=\"wpforms-submit-spinner\" style=\"display: none;\" width=\"26\" height=\"26\" alt=\"Chargement en cours\"><\/div><\/form><\/div>  <!-- .wpforms-container -->\t\t\t\t<\/div>\n\t\t\t\t<\/div>\n\t\t\t\t\t<\/div>\n\t\t\t\t<\/div>\n\t\t\t\t<\/div>\n\t\t","protected":false},"excerpt":{"rendered":"<p>Veuillez activer JavaScript dans votre navigateur pour remplir ce formulaire.Veuillez activer JavaScript dans votre navigateur pour remplir ce formulaire.N\u00b0 EDE ( 8 Caract\u00e8res) *Nom et Pr\u00e9nom *Date de naissance *Email *Num\u00e9ro de t\u00e9l\u00e9phone * Quelle formation vous int\u00e9resse (Plusieurs choix possibles) ? * Formation Ost\u00e9opathie (1 jour) &#8211; 8 D\u00e9cembre 2025 &#8211; Bovins (Dpt 65) [&hellip;]<\/p>\n","protected":false},"author":1,"featured_media":0,"parent":4545,"menu_order":0,"comment_status":"closed","ping_status":"closed","template":"","meta":{"footnotes":""},"class_list":["post-4566","page","type-page","status-publish","hentry"],"blocksy_meta":[],"yoast_head":"<!-- This site is optimized with the Yoast SEO plugin v27.5 - https:\/\/yoast.com\/product\/yoast-seo-wordpress\/ -->\n<title>Inscription aux formations - GDS 32 et 65<\/title>\n<meta name=\"robots\" content=\"index, follow, max-snippet:-1, max-image-preview:large, max-video-preview:-1\" \/>\n<link rel=\"canonical\" href=\"https:\/\/gds32-65.fr\/index.php\/formations\/elementor-4566\/\" \/>\n<meta property=\"og:locale\" content=\"fr_FR\" \/>\n<meta property=\"og:type\" content=\"article\" \/>\n<meta property=\"og:title\" content=\"Inscription aux formations - GDS 32 et 65\" \/>\n<meta property=\"og:description\" content=\"Veuillez activer JavaScript dans votre navigateur pour remplir ce formulaire.Veuillez activer JavaScript dans votre navigateur pour remplir ce formulaire.N\u00b0 EDE ( 8 Caract\u00e8res) *Nom et Pr\u00e9nom *Date de naissance *Email *Num\u00e9ro de t\u00e9l\u00e9phone * Quelle formation vous int\u00e9resse (Plusieurs choix possibles) ? * Formation Ost\u00e9opathie (1 jour) &#8211; 8 D\u00e9cembre 2025 &#8211; Bovins (Dpt 65) [&hellip;]\" \/>\n<meta property=\"og:url\" content=\"https:\/\/gds32-65.fr\/index.php\/formations\/elementor-4566\/\" \/>\n<meta property=\"og:site_name\" content=\"GDS 32 et 65\" \/>\n<meta property=\"article:publisher\" content=\"https:\/\/www.facebook.com\/gds32gds65aplma\" \/>\n<meta property=\"article:modified_time\" content=\"2025-11-07T13:59:30+00:00\" \/>\n<meta property=\"og:image\" content=\"https:\/\/gds32-65.fr\/wp-content\/plugins\/wpforms-lite\/assets\/images\/submit-spin.svg\" \/>\n<meta name=\"twitter:card\" content=\"summary_large_image\" \/>\n<meta name=\"twitter:label1\" content=\"Dur\u00e9e de lecture estim\u00e9e\" \/>\n\t<meta name=\"twitter:data1\" content=\"1 minute\" \/>\n<script type=\"application\/ld+json\" class=\"yoast-schema-graph\">{\"@context\":\"https:\\\/\\\/schema.org\",\"@graph\":[{\"@type\":\"WebPage\",\"@id\":\"https:\\\/\\\/gds32-65.fr\\\/index.php\\\/formations\\\/elementor-4566\\\/\",\"url\":\"https:\\\/\\\/gds32-65.fr\\\/index.php\\\/formations\\\/elementor-4566\\\/\",\"name\":\"Inscription aux formations - GDS 32 et 65\",\"isPartOf\":{\"@id\":\"https:\\\/\\\/gds32-65.fr\\\/#website\"},\"primaryImageOfPage\":{\"@id\":\"https:\\\/\\\/gds32-65.fr\\\/index.php\\\/formations\\\/elementor-4566\\\/#primaryimage\"},\"image\":{\"@id\":\"https:\\\/\\\/gds32-65.fr\\\/index.php\\\/formations\\\/elementor-4566\\\/#primaryimage\"},\"thumbnailUrl\":\"https:\\\/\\\/gds32-65.fr\\\/wp-content\\\/plugins\\\/wpforms-lite\\\/assets\\\/images\\\/submit-spin.svg\",\"datePublished\":\"2025-11-07T13:58:09+00:00\",\"dateModified\":\"2025-11-07T13:59:30+00:00\",\"breadcrumb\":{\"@id\":\"https:\\\/\\\/gds32-65.fr\\\/index.php\\\/formations\\\/elementor-4566\\\/#breadcrumb\"},\"inLanguage\":\"fr-FR\",\"potentialAction\":[{\"@type\":\"ReadAction\",\"target\":[\"https:\\\/\\\/gds32-65.fr\\\/index.php\\\/formations\\\/elementor-4566\\\/\"]}]},{\"@type\":\"ImageObject\",\"inLanguage\":\"fr-FR\",\"@id\":\"https:\\\/\\\/gds32-65.fr\\\/index.php\\\/formations\\\/elementor-4566\\\/#primaryimage\",\"url\":\"https:\\\/\\\/gds32-65.fr\\\/wp-content\\\/plugins\\\/wpforms-lite\\\/assets\\\/images\\\/submit-spin.svg\",\"contentUrl\":\"https:\\\/\\\/gds32-65.fr\\\/wp-content\\\/plugins\\\/wpforms-lite\\\/assets\\\/images\\\/submit-spin.svg\"},{\"@type\":\"BreadcrumbList\",\"@id\":\"https:\\\/\\\/gds32-65.fr\\\/index.php\\\/formations\\\/elementor-4566\\\/#breadcrumb\",\"itemListElement\":[{\"@type\":\"ListItem\",\"position\":1,\"name\":\"Accueil\",\"item\":\"https:\\\/\\\/gds32-65.fr\\\/\"},{\"@type\":\"ListItem\",\"position\":2,\"name\":\"Formations\",\"item\":\"https:\\\/\\\/gds32-65.fr\\\/index.php\\\/formations\\\/\"},{\"@type\":\"ListItem\",\"position\":3,\"name\":\"Inscription aux formations\"}]},{\"@type\":\"WebSite\",\"@id\":\"https:\\\/\\\/gds32-65.fr\\\/#website\",\"url\":\"https:\\\/\\\/gds32-65.fr\\\/\",\"name\":\"GDS 32-65\",\"description\":\"Bienvenue sur le site des GDS 32 et 65\",\"publisher\":{\"@id\":\"https:\\\/\\\/gds32-65.fr\\\/#organization\"},\"potentialAction\":[{\"@type\":\"SearchAction\",\"target\":{\"@type\":\"EntryPoint\",\"urlTemplate\":\"https:\\\/\\\/gds32-65.fr\\\/?s={search_term_string}\"},\"query-input\":{\"@type\":\"PropertyValueSpecification\",\"valueRequired\":true,\"valueName\":\"search_term_string\"}}],\"inLanguage\":\"fr-FR\"},{\"@type\":\"Organization\",\"@id\":\"https:\\\/\\\/gds32-65.fr\\\/#organization\",\"name\":\"GDS 32-65\",\"url\":\"https:\\\/\\\/gds32-65.fr\\\/\",\"logo\":{\"@type\":\"ImageObject\",\"inLanguage\":\"fr-FR\",\"@id\":\"https:\\\/\\\/gds32-65.fr\\\/#\\\/schema\\\/logo\\\/image\\\/\",\"url\":\"https:\\\/\\\/gds32-65.fr\\\/wp-content\\\/uploads\\\/2024\\\/11\\\/Fond-GDS-1.png\",\"contentUrl\":\"https:\\\/\\\/gds32-65.fr\\\/wp-content\\\/uploads\\\/2024\\\/11\\\/Fond-GDS-1.png\",\"width\":1095,\"height\":226,\"caption\":\"GDS 32-65\"},\"image\":{\"@id\":\"https:\\\/\\\/gds32-65.fr\\\/#\\\/schema\\\/logo\\\/image\\\/\"},\"sameAs\":[\"https:\\\/\\\/www.facebook.com\\\/gds32gds65aplma\"]}]}<\/script>\n<!-- \/ Yoast SEO plugin. -->","yoast_head_json":{"title":"Inscription aux formations - GDS 32 et 65","robots":{"index":"index","follow":"follow","max-snippet":"max-snippet:-1","max-image-preview":"max-image-preview:large","max-video-preview":"max-video-preview:-1"},"canonical":"https:\/\/gds32-65.fr\/index.php\/formations\/elementor-4566\/","og_locale":"fr_FR","og_type":"article","og_title":"Inscription aux formations - GDS 32 et 65","og_description":"Veuillez activer JavaScript dans votre navigateur pour remplir ce formulaire.Veuillez activer JavaScript dans votre navigateur pour remplir ce formulaire.N\u00b0 EDE ( 8 Caract\u00e8res) *Nom et Pr\u00e9nom *Date de naissance *Email *Num\u00e9ro de t\u00e9l\u00e9phone * Quelle formation vous int\u00e9resse (Plusieurs choix possibles) ? * Formation Ost\u00e9opathie (1 jour) &#8211; 8 D\u00e9cembre 2025 &#8211; Bovins (Dpt 65) [&hellip;]","og_url":"https:\/\/gds32-65.fr\/index.php\/formations\/elementor-4566\/","og_site_name":"GDS 32 et 65","article_publisher":"https:\/\/www.facebook.com\/gds32gds65aplma","article_modified_time":"2025-11-07T13:59:30+00:00","og_image":[{"url":"https:\/\/gds32-65.fr\/wp-content\/plugins\/wpforms-lite\/assets\/images\/submit-spin.svg","type":"","width":"","height":""}],"twitter_card":"summary_large_image","twitter_misc":{"Dur\u00e9e de lecture estim\u00e9e":"1 minute"},"schema":{"@context":"https:\/\/schema.org","@graph":[{"@type":"WebPage","@id":"https:\/\/gds32-65.fr\/index.php\/formations\/elementor-4566\/","url":"https:\/\/gds32-65.fr\/index.php\/formations\/elementor-4566\/","name":"Inscription aux formations - GDS 32 et 65","isPartOf":{"@id":"https:\/\/gds32-65.fr\/#website"},"primaryImageOfPage":{"@id":"https:\/\/gds32-65.fr\/index.php\/formations\/elementor-4566\/#primaryimage"},"image":{"@id":"https:\/\/gds32-65.fr\/index.php\/formations\/elementor-4566\/#primaryimage"},"thumbnailUrl":"https:\/\/gds32-65.fr\/wp-content\/plugins\/wpforms-lite\/assets\/images\/submit-spin.svg","datePublished":"2025-11-07T13:58:09+00:00","dateModified":"2025-11-07T13:59:30+00:00","breadcrumb":{"@id":"https:\/\/gds32-65.fr\/index.php\/formations\/elementor-4566\/#breadcrumb"},"inLanguage":"fr-FR","potentialAction":[{"@type":"ReadAction","target":["https:\/\/gds32-65.fr\/index.php\/formations\/elementor-4566\/"]}]},{"@type":"ImageObject","inLanguage":"fr-FR","@id":"https:\/\/gds32-65.fr\/index.php\/formations\/elementor-4566\/#primaryimage","url":"https:\/\/gds32-65.fr\/wp-content\/plugins\/wpforms-lite\/assets\/images\/submit-spin.svg","contentUrl":"https:\/\/gds32-65.fr\/wp-content\/plugins\/wpforms-lite\/assets\/images\/submit-spin.svg"},{"@type":"BreadcrumbList","@id":"https:\/\/gds32-65.fr\/index.php\/formations\/elementor-4566\/#breadcrumb","itemListElement":[{"@type":"ListItem","position":1,"name":"Accueil","item":"https:\/\/gds32-65.fr\/"},{"@type":"ListItem","position":2,"name":"Formations","item":"https:\/\/gds32-65.fr\/index.php\/formations\/"},{"@type":"ListItem","position":3,"name":"Inscription aux formations"}]},{"@type":"WebSite","@id":"https:\/\/gds32-65.fr\/#website","url":"https:\/\/gds32-65.fr\/","name":"GDS 32-65","description":"Bienvenue sur le site des GDS 32 et 65","publisher":{"@id":"https:\/\/gds32-65.fr\/#organization"},"potentialAction":[{"@type":"SearchAction","target":{"@type":"EntryPoint","urlTemplate":"https:\/\/gds32-65.fr\/?s={search_term_string}"},"query-input":{"@type":"PropertyValueSpecification","valueRequired":true,"valueName":"search_term_string"}}],"inLanguage":"fr-FR"},{"@type":"Organization","@id":"https:\/\/gds32-65.fr\/#organization","name":"GDS 32-65","url":"https:\/\/gds32-65.fr\/","logo":{"@type":"ImageObject","inLanguage":"fr-FR","@id":"https:\/\/gds32-65.fr\/#\/schema\/logo\/image\/","url":"https:\/\/gds32-65.fr\/wp-content\/uploads\/2024\/11\/Fond-GDS-1.png","contentUrl":"https:\/\/gds32-65.fr\/wp-content\/uploads\/2024\/11\/Fond-GDS-1.png","width":1095,"height":226,"caption":"GDS 32-65"},"image":{"@id":"https:\/\/gds32-65.fr\/#\/schema\/logo\/image\/"},"sameAs":["https:\/\/www.facebook.com\/gds32gds65aplma"]}]}},"_links":{"self":[{"href":"https:\/\/gds32-65.fr\/index.php\/wp-json\/wp\/v2\/pages\/4566","targetHints":{"allow":["GET"]}}],"collection":[{"href":"https:\/\/gds32-65.fr\/index.php\/wp-json\/wp\/v2\/pages"}],"about":[{"href":"https:\/\/gds32-65.fr\/index.php\/wp-json\/wp\/v2\/types\/page"}],"author":[{"embeddable":true,"href":"https:\/\/gds32-65.fr\/index.php\/wp-json\/wp\/v2\/users\/1"}],"replies":[{"embeddable":true,"href":"https:\/\/gds32-65.fr\/index.php\/wp-json\/wp\/v2\/comments?post=4566"}],"version-history":[{"count":8,"href":"https:\/\/gds32-65.fr\/index.php\/wp-json\/wp\/v2\/pages\/4566\/revisions"}],"predecessor-version":[{"id":4574,"href":"https:\/\/gds32-65.fr\/index.php\/wp-json\/wp\/v2\/pages\/4566\/revisions\/4574"}],"up":[{"embeddable":true,"href":"https:\/\/gds32-65.fr\/index.php\/wp-json\/wp\/v2\/pages\/4545"}],"wp:attachment":[{"href":"https:\/\/gds32-65.fr\/index.php\/wp-json\/wp\/v2\/media?parent=4566"}],"curies":[{"name":"wp","href":"https:\/\/api.w.org\/{rel}","templated":true}]}}