{"id":3704,"date":"2025-05-07T15:52:21","date_gmt":"2025-05-07T13:52:21","guid":{"rendered":"https:\/\/gds32-65.fr\/?page_id=3704"},"modified":"2025-10-09T15:47:44","modified_gmt":"2025-10-09T13:47:44","slug":"newsletter","status":"publish","type":"page","link":"https:\/\/gds32-65.fr\/index.php\/newsletter\/","title":{"rendered":"Newsletter"},"content":{"rendered":"\t\t<div data-elementor-type=\"wp-page\" data-elementor-id=\"3704\" class=\"elementor elementor-3704\">\n\t\t\t\t<div class=\"elementor-element elementor-element-9066394 e-flex e-con-boxed e-con e-parent\" data-id=\"9066394\" data-element_type=\"container\" data-e-type=\"container\">\n\t\t\t\t\t<div class=\"e-con-inner\">\n\t\t\t\t<div class=\"elementor-element elementor-element-578bbf3 elementor-widget elementor-widget-html\" data-id=\"578bbf3\" data-element_type=\"widget\" data-e-type=\"widget\" data-widget_type=\"html.default\">\n\t\t\t\t<div class=\"elementor-widget-container\">\n\t\t\t\t\t<!-- Begin Brevo Form -->\r\n<!-- START - We recommend to place the below code in head tag of your website html  -->\r\n<style>\r\n  @font-face {\r\n    font-display: block;\r\n    font-family: Roboto;\r\n    src: url(https:\/\/assets.brevo.com\/font\/Roboto\/Latin\/normal\/normal\/7529907e9eaf8ebb5220c5f9850e3811.woff2) format(\"woff2\"), url(https:\/\/assets.brevo.com\/font\/Roboto\/Latin\/normal\/normal\/25c678feafdc175a70922a116c9be3e7.woff) format(\"woff\")\r\n  }\r\n\r\n  @font-face {\r\n    font-display: fallback;\r\n    font-family: Roboto;\r\n    font-weight: 600;\r\n    src: url(https:\/\/assets.brevo.com\/font\/Roboto\/Latin\/medium\/normal\/6e9caeeafb1f3491be3e32744bc30440.woff2) format(\"woff2\"), url(https:\/\/assets.brevo.com\/font\/Roboto\/Latin\/medium\/normal\/71501f0d8d5aa95960f6475d5487d4c2.woff) format(\"woff\")\r\n  }\r\n\r\n  @font-face {\r\n    font-display: fallback;\r\n    font-family: Roboto;\r\n    font-weight: 700;\r\n    src: url(https:\/\/assets.brevo.com\/font\/Roboto\/Latin\/bold\/normal\/3ef7cf158f310cf752d5ad08cd0e7e60.woff2) format(\"woff2\"), url(https:\/\/assets.brevo.com\/font\/Roboto\/Latin\/bold\/normal\/ece3a1d82f18b60bcce0211725c476aa.woff) format(\"woff\")\r\n  }\r\n\r\n  #sib-container input:-ms-input-placeholder {\r\n    text-align: left;\r\n    font-family: Helvetica, sans-serif;\r\n    color: #c0ccda;\r\n  }\r\n\r\n  #sib-container input::placeholder {\r\n    text-align: left;\r\n    font-family: Helvetica, sans-serif;\r\n    color: #c0ccda;\r\n  }\r\n\r\n  #sib-container textarea::placeholder {\r\n    text-align: left;\r\n    font-family: Helvetica, sans-serif;\r\n    color: #c0ccda;\r\n  }\r\n\r\n  #sib-container a {\r\n    text-decoration: underline;\r\n    color: #2BB2FC;\r\n  }\r\n<\/style>\r\n<link rel=\"stylesheet\" href=\"https:\/\/sibforms.com\/forms\/end-form\/build\/sib-styles.css\">\r\n<!--  END - We recommend to place the above code in head tag of your website html -->\r\n\r\n<!-- START - We recommend to place the below code where you want the form in your website html  -->\r\n<div class=\"sib-form\" style=\"text-align: center;\r\n         background-color: #EFF2F7;                                 \">\r\n  <div id=\"sib-form-container\" class=\"sib-form-container\">\r\n    <div id=\"error-message\" class=\"sib-form-message-panel\" style=\"font-size:16px; text-align:left; font-family:Helvetica, sans-serif; color:#661d1d; background-color:#ffeded; border-radius:3px; border-color:#ff4949;max-width:540px;\">\r\n      <div class=\"sib-form-message-panel__text sib-form-message-panel__text--center\">\r\n        <svg viewBox=\"0 0 512 512\" class=\"sib-icon sib-notification__icon\">\r\n          <path d=\"M256 40c118.621 0 216 96.075 216 216 0 119.291-96.61 216-216 216-119.244 0-216-96.562-216-216 0-119.203 96.602-216 216-216m0-32C119.043 8 8 119.083 8 256c0 136.997 111.043 248 248 248s248-111.003 248-248C504 119.083 392.957 8 256 8zm-11.49 120h22.979c6.823 0 12.274 5.682 11.99 12.5l-7 168c-.268 6.428-5.556 11.5-11.99 11.5h-8.979c-6.433 0-11.722-5.073-11.99-11.5l-7-168c-.283-6.818 5.167-12.5 11.99-12.5zM256 340c-15.464 0-28 12.536-28 28s12.536 28 28 28 28-12.536 28-28-12.536-28-28-28z\" \/>\r\n        <\/svg>\r\n        <span class=\"sib-form-message-panel__inner-text\">\r\n                          Nous n&#039;avons pas pu confirmer votre inscription.\r\n                      <\/span>\r\n      <\/div>\r\n    <\/div>\r\n    <div><\/div>\r\n    <div id=\"success-message\" class=\"sib-form-message-panel\" style=\"font-size:16px; text-align:left; font-family:Helvetica, sans-serif; color:#085229; background-color:#e7faf0; border-radius:3px; border-color:#13ce66;max-width:540px;\">\r\n      <div class=\"sib-form-message-panel__text sib-form-message-panel__text--center\">\r\n        <svg viewBox=\"0 0 512 512\" class=\"sib-icon sib-notification__icon\">\r\n          <path d=\"M256 8C119.033 8 8 119.033 8 256s111.033 248 248 248 248-111.033 248-248S392.967 8 256 8zm0 464c-118.664 0-216-96.055-216-216 0-118.663 96.055-216 216-216 118.664 0 216 96.055 216 216 0 118.663-96.055 216-216 216zm141.63-274.961L217.15 376.071c-4.705 4.667-12.303 4.637-16.97-.068l-85.878-86.572c-4.667-4.705-4.637-12.303.068-16.97l8.52-8.451c4.705-4.667 12.303-4.637 16.97.068l68.976 69.533 163.441-162.13c4.705-4.667 12.303-4.637 16.97.068l8.451 8.52c4.668 4.705 4.637 12.303-.068 16.97z\" \/>\r\n        <\/svg>\r\n        <span class=\"sib-form-message-panel__inner-text\">\r\n                          Votre inscription est confirm\u00e9e.\r\n                      <\/span>\r\n      <\/div>\r\n    <\/div>\r\n    <div><\/div>\r\n    <div id=\"sib-container\" class=\"sib-container--large sib-container--vertical\" style=\"text-align:center; background-color:rgba(255,255,255,1); max-width:540px; border-radius:3px; border-width:1px; border-color:#C0CCD9; border-style:solid; direction:ltr\">\r\n      <form id=\"sib-form\" method=\"POST\" action=\"https:\/\/sibforms.com\/serve\/MUIFABMFy-hH784QfGVb5v2ArODAtVbuxtYD0CC7Tic8w0gQaEW77YMFafPmtQbkGMxIabKoLwqpl9oxNE94TSaM8Mkkf0aUcC9diYn5-fvIGuDgV96EcmnmCkxIKZKF-G3mH5ewf9rmoI0rqTqgviMaM3Lcp5NTYe009hweNBInwPfd3aoPUHpaxLRNSRLE7o2DayH1m9HFEHlg\" data-type=\"subscription\">\r\n        <div style=\"padding: 8px 0;\">\r\n          <div class=\"sib-form-block sib-image-form-block\" style=\"text-align: center\">\r\n            <img decoding=\"async\" src=\"https:\/\/img.mailinblue.com\/9200759\/images\/content_library\/original\/681b55c0b8cdfae3220afea7.png\" style=\"width: 500px;height: 104px;\" alt=\"\" title=\"\" \/>\r\n          <\/div>\r\n        <\/div>\r\n        <div style=\"padding: 8px 0;\">\r\n          <div class=\"sib-form-block\" style=\"font-size:32px; text-align:left; font-weight:700; font-family:Helvetica, sans-serif; color:#3C4858; background-color:transparent; text-align:left\">\r\n            <p>Flash Info<\/p>\r\n          <\/div>\r\n        <\/div>\r\n        <div style=\"padding: 8px 0;\">\r\n          <div class=\"sib-form-block\" style=\"font-size:16px; text-align:left; font-family:Helvetica, sans-serif; color:#3C4858; background-color:transparent; text-align:left\">\r\n            <div class=\"sib-text-form-block\">\r\n              <p>Inscrivez-vous \u00e0 notre flash info pour \u00eatre averti des derni\u00e8res actualit\u00e9s (uniquement \u00e0 la publication de nouveaux articles).<\/p>\r\n            <\/div>\r\n          <\/div>\r\n        <\/div>\r\n        <div style=\"padding: 8px 0;\">\r\n          <div class=\"sib-input sib-form-block\">\r\n            <div class=\"form__entry entry_block\">\r\n              <div class=\"form__label-row \">\r\n                <label class=\"entry__label\" style=\"font-weight: 700; text-align:left; font-size:16px; text-align:left; font-weight:700; font-family:Helvetica, sans-serif; color:#3c4858;\" for=\"EMAIL\" data-required=\"*\">Veuillez renseigner votre adresse email pour vous inscrire<\/label>\r\n\r\n                <div class=\"entry__field\">\r\n                  <input class=\"input \" type=\"text\" id=\"EMAIL\" name=\"EMAIL\" autocomplete=\"off\" placeholder=\"EMAIL\" data-required=\"true\" required \/>\r\n                <\/div>\r\n              <\/div>\r\n\r\n              <label class=\"entry__error entry__error--primary\" style=\"font-size:16px; text-align:left; font-family:Helvetica, sans-serif; color:#661d1d; background-color:#ffeded; border-radius:3px; border-color:#ff4949;\">\r\n              <\/label>\r\n              <label class=\"entry__specification\" style=\"font-size:12px; text-align:left; font-family:Helvetica, sans-serif; color:#8390A4; text-align:left\">\r\n                Veuillez renseigner votre adresse email pour vous inscrire. Ex. : abc@xyz.com\r\n              <\/label>\r\n            <\/div>\r\n          <\/div>\r\n        <\/div>\r\n        <div style=\"padding: 8px 0;\">\r\n          <div class=\"sib-form-block\" style=\"font-size:16px; text-align:left; font-style:italic; font-family:Helvetica, sans-serif; color:#eb0d24; background-color:transparent; text-align:left\">\r\n            <div class=\"sib-text-form-block\">\r\n              <p><strong>Un mail de confirmation pour valider l'inscription vous sera envoy\u00e9; v\u00e9rifiez dans les courriers ind\u00e9sirables si vous ne recevez rien dans les minutes qui suivent.<\/strong><\/p>\r\n            <\/div>\r\n          <\/div>\r\n        <\/div>\r\n        <div style=\"padding: 8px 0;\">\r\n          <div class=\"sib-captcha sib-form-block\">\r\n            <div class=\"form__entry entry_block\">\r\n              <div class=\"form__label-row \">\r\n                <script>\r\n                  function handleCaptchaResponse() {\r\n                    var event = new Event('captchaChange');\r\n                    document.getElementById('sib-captcha').dispatchEvent(event);\r\n                  }\r\n                <\/script>\r\n                <div class=\"g-recaptcha sib-visible-recaptcha\" id=\"sib-captcha\" data-sitekey=\"6LdffzErAAAAAD5IpyPW9pIm4iOcJnLzErozZb2D\" data-callback=\"handleCaptchaResponse\" style=\"direction:ltr\"><\/div>\r\n              <\/div>\r\n              <label class=\"entry__error entry__error--primary\" style=\"font-size:16px; text-align:left; font-family:Helvetica, sans-serif; color:#661d1d; background-color:#ffeded; border-radius:3px; border-color:#ff4949;\">\r\n              <\/label>\r\n            <\/div>\r\n          <\/div>\r\n        <\/div>\r\n        <div style=\"padding: 8px 0;\">\r\n          <div class=\"sib-form-block\" style=\"text-align: left\">\r\n            <button class=\"sib-form-block__button sib-form-block__button-with-loader\" style=\"font-size:16px; text-align:left; font-weight:700; font-family:Helvetica, sans-serif; color:#FFFFFF; background-color:#3E4857; border-radius:3px; border-width:0px;\" form=\"sib-form\" type=\"submit\">\r\n              <svg class=\"icon clickable__icon progress-indicator__icon sib-hide-loader-icon\" viewBox=\"0 0 512 512\">\r\n                <path d=\"M460.116 373.846l-20.823-12.022c-5.541-3.199-7.54-10.159-4.663-15.874 30.137-59.886 28.343-131.652-5.386-189.946-33.641-58.394-94.896-95.833-161.827-99.676C261.028 55.961 256 50.751 256 44.352V20.309c0-6.904 5.808-12.337 12.703-11.982 83.556 4.306 160.163 50.864 202.11 123.677 42.063 72.696 44.079 162.316 6.031 236.832-3.14 6.148-10.75 8.461-16.728 5.01z\" \/>\r\n              <\/svg>\r\n              S&#039;INSCRIRE\r\n            <\/button>\r\n          <\/div>\r\n        <\/div>\r\n\r\n        <input type=\"text\" name=\"email_address_check\" value=\"\" class=\"input--hidden\">\r\n        <input type=\"hidden\" name=\"locale\" value=\"fr\">\r\n      <\/form>\r\n    <\/div>\r\n  <\/div>\r\n<\/div>\r\n<!-- END - We recommend to place the above code where you want the form in your website html  -->\r\n\r\n<!-- START - We recommend to place the below code in footer or bottom of your website html  -->\r\n<script>\r\n  window.REQUIRED_CODE_ERROR_MESSAGE = 'Veuillez choisir un code pays';\r\n  window.LOCALE = 'fr';\r\n  window.EMAIL_INVALID_MESSAGE = window.SMS_INVALID_MESSAGE = \"Les informations que vous avez fournies ne sont pas valides. Veuillez v\u00e9rifier le format du champ et r\u00e9essayer.\";\r\n\r\n  window.REQUIRED_ERROR_MESSAGE = \"Vous devez renseigner ce champ. \";\r\n\r\n  window.GENERIC_INVALID_MESSAGE = \"Les informations que vous avez fournies ne sont pas valides. Veuillez v\u00e9rifier le format du champ et r\u00e9essayer.\";\r\n\r\n\r\n\r\n\r\n  window.translation = {\r\n    common: {\r\n      selectedList: '{quantity} liste s\u00e9lectionn\u00e9e',\r\n      selectedLists: '{quantity} listes s\u00e9lectionn\u00e9es',\r\n      selectedOption: '{quantity} s\u00e9lectionn\u00e9',\r\n      selectedOptions: '{quantity} s\u00e9lectionn\u00e9s',\r\n    }\r\n  };\r\n\r\n  var AUTOHIDE = Boolean(0);\r\n<\/script>\r\n\r\n<script defer src=\"https:\/\/sibforms.com\/forms\/end-form\/build\/main.js\"><\/script>\r\n\r\n<script src=\"https:\/\/www.google.com\/recaptcha\/api.js?hl=fr\"><\/script>\r\n\r\n<!-- END - We recommend to place the above code in footer or bottom of your website html  -->\r\n<!-- End Brevo Form -->\t\t\t\t<\/div>\n\t\t\t\t<\/div>\n\t\t\t\t\t<\/div>\n\t\t\t\t<\/div>\n\t\t\t\t<\/div>\n\t\t","protected":false},"excerpt":{"rendered":"<p>Nous n&#039;avons pas pu confirmer votre inscription. Votre inscription est confirm\u00e9e. Flash Info Inscrivez-vous \u00e0 notre flash info pour \u00eatre averti des derni\u00e8res actualit\u00e9s (uniquement \u00e0 la publication de nouveaux articles). Veuillez renseigner votre adresse email pour vous inscrire Veuillez renseigner votre adresse email pour vous inscrire. Ex. : abc@xyz.com Un mail de confirmation pour [&hellip;]<\/p>\n","protected":false},"author":1,"featured_media":0,"parent":0,"menu_order":0,"comment_status":"closed","ping_status":"closed","template":"","meta":{"footnotes":""},"class_list":["post-3704","page","type-page","status-publish","hentry"],"blocksy_meta":[],"yoast_head":"<!-- This site is optimized with the Yoast SEO plugin v27.4 - https:\/\/yoast.com\/product\/yoast-seo-wordpress\/ -->\n<title>Newsletter - GDS 32 et 65<\/title>\n<meta name=\"robots\" content=\"index, follow, max-snippet:-1, max-image-preview:large, max-video-preview:-1\" \/>\n<link rel=\"canonical\" href=\"https:\/\/gds32-65.fr\/index.php\/newsletter\/\" \/>\n<meta property=\"og:locale\" content=\"fr_FR\" \/>\n<meta property=\"og:type\" content=\"article\" \/>\n<meta property=\"og:title\" content=\"Newsletter - GDS 32 et 65\" \/>\n<meta property=\"og:description\" content=\"Nous n&#039;avons pas pu confirmer votre inscription. Votre inscription est confirm\u00e9e. Flash Info Inscrivez-vous \u00e0 notre flash info pour \u00eatre averti des derni\u00e8res actualit\u00e9s (uniquement \u00e0 la publication de nouveaux articles). Veuillez renseigner votre adresse email pour vous inscrire Veuillez renseigner votre adresse email pour vous inscrire. Ex. : abc@xyz.com Un mail de confirmation pour [&hellip;]\" \/>\n<meta property=\"og:url\" content=\"https:\/\/gds32-65.fr\/index.php\/newsletter\/\" \/>\n<meta property=\"og:site_name\" content=\"GDS 32 et 65\" \/>\n<meta property=\"article:publisher\" content=\"https:\/\/www.facebook.com\/gds32gds65aplma\" \/>\n<meta property=\"article:modified_time\" content=\"2025-10-09T13:47:44+00:00\" \/>\n<meta property=\"og:image\" content=\"https:\/\/img.mailinblue.com\/9200759\/images\/content_library\/original\/681b55c0b8cdfae3220afea7.png\" \/>\n<meta name=\"twitter:card\" content=\"summary_large_image\" \/>\n<meta name=\"twitter:label1\" content=\"Dur\u00e9e de lecture estim\u00e9e\" \/>\n\t<meta name=\"twitter:data1\" content=\"1 minute\" \/>\n<script type=\"application\/ld+json\" class=\"yoast-schema-graph\">{\"@context\":\"https:\\\/\\\/schema.org\",\"@graph\":[{\"@type\":\"WebPage\",\"@id\":\"https:\\\/\\\/gds32-65.fr\\\/index.php\\\/newsletter\\\/\",\"url\":\"https:\\\/\\\/gds32-65.fr\\\/index.php\\\/newsletter\\\/\",\"name\":\"Newsletter - GDS 32 et 65\",\"isPartOf\":{\"@id\":\"https:\\\/\\\/gds32-65.fr\\\/#website\"},\"primaryImageOfPage\":{\"@id\":\"https:\\\/\\\/gds32-65.fr\\\/index.php\\\/newsletter\\\/#primaryimage\"},\"image\":{\"@id\":\"https:\\\/\\\/gds32-65.fr\\\/index.php\\\/newsletter\\\/#primaryimage\"},\"thumbnailUrl\":\"https:\\\/\\\/img.mailinblue.com\\\/9200759\\\/images\\\/content_library\\\/original\\\/681b55c0b8cdfae3220afea7.png\",\"datePublished\":\"2025-05-07T13:52:21+00:00\",\"dateModified\":\"2025-10-09T13:47:44+00:00\",\"breadcrumb\":{\"@id\":\"https:\\\/\\\/gds32-65.fr\\\/index.php\\\/newsletter\\\/#breadcrumb\"},\"inLanguage\":\"fr-FR\",\"potentialAction\":[{\"@type\":\"ReadAction\",\"target\":[\"https:\\\/\\\/gds32-65.fr\\\/index.php\\\/newsletter\\\/\"]}]},{\"@type\":\"ImageObject\",\"inLanguage\":\"fr-FR\",\"@id\":\"https:\\\/\\\/gds32-65.fr\\\/index.php\\\/newsletter\\\/#primaryimage\",\"url\":\"https:\\\/\\\/img.mailinblue.com\\\/9200759\\\/images\\\/content_library\\\/original\\\/681b55c0b8cdfae3220afea7.png\",\"contentUrl\":\"https:\\\/\\\/img.mailinblue.com\\\/9200759\\\/images\\\/content_library\\\/original\\\/681b55c0b8cdfae3220afea7.png\"},{\"@type\":\"BreadcrumbList\",\"@id\":\"https:\\\/\\\/gds32-65.fr\\\/index.php\\\/newsletter\\\/#breadcrumb\",\"itemListElement\":[{\"@type\":\"ListItem\",\"position\":1,\"name\":\"Accueil\",\"item\":\"https:\\\/\\\/gds32-65.fr\\\/\"},{\"@type\":\"ListItem\",\"position\":2,\"name\":\"Newsletter\"}]},{\"@type\":\"WebSite\",\"@id\":\"https:\\\/\\\/gds32-65.fr\\\/#website\",\"url\":\"https:\\\/\\\/gds32-65.fr\\\/\",\"name\":\"GDS 32-65\",\"description\":\"Bienvenue sur le site des GDS 32 et 65\",\"publisher\":{\"@id\":\"https:\\\/\\\/gds32-65.fr\\\/#organization\"},\"potentialAction\":[{\"@type\":\"SearchAction\",\"target\":{\"@type\":\"EntryPoint\",\"urlTemplate\":\"https:\\\/\\\/gds32-65.fr\\\/?s={search_term_string}\"},\"query-input\":{\"@type\":\"PropertyValueSpecification\",\"valueRequired\":true,\"valueName\":\"search_term_string\"}}],\"inLanguage\":\"fr-FR\"},{\"@type\":\"Organization\",\"@id\":\"https:\\\/\\\/gds32-65.fr\\\/#organization\",\"name\":\"GDS 32-65\",\"url\":\"https:\\\/\\\/gds32-65.fr\\\/\",\"logo\":{\"@type\":\"ImageObject\",\"inLanguage\":\"fr-FR\",\"@id\":\"https:\\\/\\\/gds32-65.fr\\\/#\\\/schema\\\/logo\\\/image\\\/\",\"url\":\"https:\\\/\\\/gds32-65.fr\\\/wp-content\\\/uploads\\\/2024\\\/11\\\/Fond-GDS-1.png\",\"contentUrl\":\"https:\\\/\\\/gds32-65.fr\\\/wp-content\\\/uploads\\\/2024\\\/11\\\/Fond-GDS-1.png\",\"width\":1095,\"height\":226,\"caption\":\"GDS 32-65\"},\"image\":{\"@id\":\"https:\\\/\\\/gds32-65.fr\\\/#\\\/schema\\\/logo\\\/image\\\/\"},\"sameAs\":[\"https:\\\/\\\/www.facebook.com\\\/gds32gds65aplma\"]}]}<\/script>\n<!-- \/ Yoast SEO plugin. -->","yoast_head_json":{"title":"Newsletter - GDS 32 et 65","robots":{"index":"index","follow":"follow","max-snippet":"max-snippet:-1","max-image-preview":"max-image-preview:large","max-video-preview":"max-video-preview:-1"},"canonical":"https:\/\/gds32-65.fr\/index.php\/newsletter\/","og_locale":"fr_FR","og_type":"article","og_title":"Newsletter - GDS 32 et 65","og_description":"Nous n&#039;avons pas pu confirmer votre inscription. Votre inscription est confirm\u00e9e. Flash Info Inscrivez-vous \u00e0 notre flash info pour \u00eatre averti des derni\u00e8res actualit\u00e9s (uniquement \u00e0 la publication de nouveaux articles). Veuillez renseigner votre adresse email pour vous inscrire Veuillez renseigner votre adresse email pour vous inscrire. Ex. : abc@xyz.com Un mail de confirmation pour [&hellip;]","og_url":"https:\/\/gds32-65.fr\/index.php\/newsletter\/","og_site_name":"GDS 32 et 65","article_publisher":"https:\/\/www.facebook.com\/gds32gds65aplma","article_modified_time":"2025-10-09T13:47:44+00:00","og_image":[{"url":"https:\/\/img.mailinblue.com\/9200759\/images\/content_library\/original\/681b55c0b8cdfae3220afea7.png","type":"","width":"","height":""}],"twitter_card":"summary_large_image","twitter_misc":{"Dur\u00e9e de lecture estim\u00e9e":"1 minute"},"schema":{"@context":"https:\/\/schema.org","@graph":[{"@type":"WebPage","@id":"https:\/\/gds32-65.fr\/index.php\/newsletter\/","url":"https:\/\/gds32-65.fr\/index.php\/newsletter\/","name":"Newsletter - GDS 32 et 65","isPartOf":{"@id":"https:\/\/gds32-65.fr\/#website"},"primaryImageOfPage":{"@id":"https:\/\/gds32-65.fr\/index.php\/newsletter\/#primaryimage"},"image":{"@id":"https:\/\/gds32-65.fr\/index.php\/newsletter\/#primaryimage"},"thumbnailUrl":"https:\/\/img.mailinblue.com\/9200759\/images\/content_library\/original\/681b55c0b8cdfae3220afea7.png","datePublished":"2025-05-07T13:52:21+00:00","dateModified":"2025-10-09T13:47:44+00:00","breadcrumb":{"@id":"https:\/\/gds32-65.fr\/index.php\/newsletter\/#breadcrumb"},"inLanguage":"fr-FR","potentialAction":[{"@type":"ReadAction","target":["https:\/\/gds32-65.fr\/index.php\/newsletter\/"]}]},{"@type":"ImageObject","inLanguage":"fr-FR","@id":"https:\/\/gds32-65.fr\/index.php\/newsletter\/#primaryimage","url":"https:\/\/img.mailinblue.com\/9200759\/images\/content_library\/original\/681b55c0b8cdfae3220afea7.png","contentUrl":"https:\/\/img.mailinblue.com\/9200759\/images\/content_library\/original\/681b55c0b8cdfae3220afea7.png"},{"@type":"BreadcrumbList","@id":"https:\/\/gds32-65.fr\/index.php\/newsletter\/#breadcrumb","itemListElement":[{"@type":"ListItem","position":1,"name":"Accueil","item":"https:\/\/gds32-65.fr\/"},{"@type":"ListItem","position":2,"name":"Newsletter"}]},{"@type":"WebSite","@id":"https:\/\/gds32-65.fr\/#website","url":"https:\/\/gds32-65.fr\/","name":"GDS 32-65","description":"Bienvenue sur le site des GDS 32 et 65","publisher":{"@id":"https:\/\/gds32-65.fr\/#organization"},"potentialAction":[{"@type":"SearchAction","target":{"@type":"EntryPoint","urlTemplate":"https:\/\/gds32-65.fr\/?s={search_term_string}"},"query-input":{"@type":"PropertyValueSpecification","valueRequired":true,"valueName":"search_term_string"}}],"inLanguage":"fr-FR"},{"@type":"Organization","@id":"https:\/\/gds32-65.fr\/#organization","name":"GDS 32-65","url":"https:\/\/gds32-65.fr\/","logo":{"@type":"ImageObject","inLanguage":"fr-FR","@id":"https:\/\/gds32-65.fr\/#\/schema\/logo\/image\/","url":"https:\/\/gds32-65.fr\/wp-content\/uploads\/2024\/11\/Fond-GDS-1.png","contentUrl":"https:\/\/gds32-65.fr\/wp-content\/uploads\/2024\/11\/Fond-GDS-1.png","width":1095,"height":226,"caption":"GDS 32-65"},"image":{"@id":"https:\/\/gds32-65.fr\/#\/schema\/logo\/image\/"},"sameAs":["https:\/\/www.facebook.com\/gds32gds65aplma"]}]}},"_links":{"self":[{"href":"https:\/\/gds32-65.fr\/index.php\/wp-json\/wp\/v2\/pages\/3704","targetHints":{"allow":["GET"]}}],"collection":[{"href":"https:\/\/gds32-65.fr\/index.php\/wp-json\/wp\/v2\/pages"}],"about":[{"href":"https:\/\/gds32-65.fr\/index.php\/wp-json\/wp\/v2\/types\/page"}],"author":[{"embeddable":true,"href":"https:\/\/gds32-65.fr\/index.php\/wp-json\/wp\/v2\/users\/1"}],"replies":[{"embeddable":true,"href":"https:\/\/gds32-65.fr\/index.php\/wp-json\/wp\/v2\/comments?post=3704"}],"version-history":[{"count":28,"href":"https:\/\/gds32-65.fr\/index.php\/wp-json\/wp\/v2\/pages\/3704\/revisions"}],"predecessor-version":[{"id":4273,"href":"https:\/\/gds32-65.fr\/index.php\/wp-json\/wp\/v2\/pages\/3704\/revisions\/4273"}],"wp:attachment":[{"href":"https:\/\/gds32-65.fr\/index.php\/wp-json\/wp\/v2\/media?parent=3704"}],"curies":[{"name":"wp","href":"https:\/\/api.w.org\/{rel}","templated":true}]}}