{"id":3272,"date":"2024-12-13T15:07:08","date_gmt":"2024-12-13T14:07:08","guid":{"rendered":"https:\/\/gds32-65.fr\/?page_id=3272"},"modified":"2026-04-14T15:16:26","modified_gmt":"2026-04-14T13:16:26","slug":"eleveurs-bovins","status":"publish","type":"page","link":"https:\/\/gds32-65.fr\/index.php\/transhumance\/eleveurs-bovins\/","title":{"rendered":"Eleveurs Bovins"},"content":{"rendered":"\t\t<div data-elementor-type=\"wp-page\" data-elementor-id=\"3272\" class=\"elementor elementor-3272\">\n\t\t\t\t<div class=\"elementor-element elementor-element-23bfa0b e-flex e-con-boxed e-con e-parent\" data-id=\"23bfa0b\" data-element_type=\"container\" data-e-type=\"container\">\n\t\t\t\t\t<div class=\"e-con-inner\">\n\t\t\t\t<div class=\"elementor-element elementor-element-b54ebdd elementor-widget elementor-widget-text-editor\" data-id=\"b54ebdd\" data-element_type=\"widget\" data-e-type=\"widget\" data-widget_type=\"text-editor.default\">\n\t\t\t\t<div class=\"elementor-widget-container\">\n\t\t\t\t\t\t\t\t\t<p>Eleveurs bovins transhumants dans le 65<\/p>\t\t\t\t\t\t\t\t<\/div>\n\t\t\t\t<\/div>\n\t\t\t\t\t<\/div>\n\t\t\t\t<\/div>\n\t\t<div class=\"elementor-element elementor-element-915ed19 e-flex e-con-boxed e-con e-parent\" data-id=\"915ed19\" data-element_type=\"container\" data-e-type=\"container\">\n\t\t\t\t\t<div class=\"e-con-inner\">\n\t\t\t\t<div class=\"elementor-element elementor-element-034501f elementor-widget elementor-widget-text-editor\" data-id=\"034501f\" data-element_type=\"widget\" data-e-type=\"widget\" data-widget_type=\"text-editor.default\">\n\t\t\t\t<div class=\"elementor-widget-container\">\n\t\t\t\t\t\t\t\t\t<p>Les autorisations de transhumance bovines sont automatiques et sont d\u00e9livr\u00e9es au cheptel (et non&nbsp;<span style=\"font-family: inherit; font-size: inherit; font-style: inherit; font-variant-ligatures: inherit; font-variant-caps: inherit; font-weight: inherit; text-align: var(--text-align); background-color: var(--theme-palette-color-7); letter-spacing: var(--theme-letter-spacing); text-transform: var(--theme-text-transform);\">pas au bovin). La d\u00e9livrance est bas\u00e9e sur les mouvements d\u00e9clar\u00e9s l\u2019ann\u00e9e n-1.<\/span><\/p>\t\t\t\t\t\t\t\t<\/div>\n\t\t\t\t<\/div>\n\t\t\t\t\t<\/div>\n\t\t\t\t<\/div>\n\t\t<div class=\"elementor-element elementor-element-e53953f e-flex e-con-boxed e-con e-parent\" data-id=\"e53953f\" data-element_type=\"container\" data-e-type=\"container\">\n\t\t\t\t\t<div class=\"e-con-inner\">\n\t\t\t\t<div class=\"elementor-element elementor-element-cb16f1f elementor-widget elementor-widget-text-editor\" data-id=\"cb16f1f\" data-element_type=\"widget\" data-e-type=\"widget\" data-widget_type=\"text-editor.default\">\n\t\t\t\t<div class=\"elementor-widget-container\">\n\t\t\t\t\t\t\t\t\t<p>Pour toute nouvelle transhumance ou changement d\u2019estive, merci de nous contacter.<\/p>\t\t\t\t\t\t\t\t<\/div>\n\t\t\t\t<\/div>\n\t\t\t\t\t<\/div>\n\t\t\t\t<\/div>\n\t\t<div class=\"elementor-element elementor-element-bd8e600 e-flex e-con-boxed e-con e-parent\" data-id=\"bd8e600\" data-element_type=\"container\" data-e-type=\"container\">\n\t\t\t\t\t<div class=\"e-con-inner\">\n\t\t\t\t<div class=\"elementor-element elementor-element-2f0ad3c elementor-widget elementor-widget-text-editor\" data-id=\"2f0ad3c\" data-element_type=\"widget\" data-e-type=\"widget\" data-widget_type=\"text-editor.default\">\n\t\t\t\t<div class=\"elementor-widget-container\">\n\t\t\t\t\t\t\t\t\t<p>Pas de papier, le gestionnaire d\u2019estive consulte l\u2019\u00e9tat de votre autorisation sur une plateforme qui lui\u00a0<span style=\"font-family: inherit; font-size: inherit; font-style: inherit; font-variant-ligatures: inherit; font-variant-caps: inherit; font-weight: inherit; text-align: var(--text-align); background-color: var(--theme-palette-color-7); letter-spacing: var(--theme-letter-spacing); text-transform: var(--theme-text-transform);\">est d\u00e9di\u00e9e. Vous recevez un mail et\/ou un sms pour vous informer lorsque votre dossier est valid\u00e9.<\/span><\/p>\t\t\t\t\t\t\t\t<\/div>\n\t\t\t\t<\/div>\n\t\t\t\t\t<\/div>\n\t\t\t\t<\/div>\n\t\t<div class=\"elementor-element elementor-element-cbb81fa e-flex e-con-boxed e-con e-parent\" data-id=\"cbb81fa\" data-element_type=\"container\" data-e-type=\"container\">\n\t\t\t\t\t<div class=\"e-con-inner\">\n\t\t\t\t<div class=\"elementor-element elementor-element-34f0716 elementor-widget elementor-widget-text-editor\" data-id=\"34f0716\" data-element_type=\"widget\" data-e-type=\"widget\" data-widget_type=\"text-editor.default\">\n\t\t\t\t<div class=\"elementor-widget-container\">\n\t\t\t\t\t\t\t\t\t<p>Pour toute transhumance vers un autre d\u00e9partement, merci de prendre contact avec la DD(ets)PP de destination.\u00a0<\/p>\t\t\t\t\t\t\t\t<\/div>\n\t\t\t\t<\/div>\n\t\t\t\t\t<\/div>\n\t\t\t\t<\/div>\n\t\t<div class=\"elementor-element elementor-element-4cf9a7a e-flex e-con-boxed e-con e-parent\" data-id=\"4cf9a7a\" data-element_type=\"container\" data-e-type=\"container\">\n\t\t\t\t\t<div class=\"e-con-inner\">\n\t\t<div class=\"elementor-element elementor-element-30fa90e e-con-full e-flex e-con e-child\" data-id=\"30fa90e\" data-element_type=\"container\" data-e-type=\"container\">\n\t\t\t\t<div class=\"elementor-element elementor-element-9faaf48 elementor-widget elementor-widget-text-editor\" data-id=\"9faaf48\" data-element_type=\"widget\" data-e-type=\"widget\" data-widget_type=\"text-editor.default\">\n\t\t\t\t<div class=\"elementor-widget-container\">\n\t\t\t\t\t\t\t\t\t<p>Retrouvez ci-dessous les prescriptions sanitaires applicables aux animaux transhumant dans les Hautes-Pyr\u00e9n\u00e9es en 2026<\/p>\t\t\t\t\t\t\t\t<\/div>\n\t\t\t\t<\/div>\n\t\t\t\t<\/div>\n\t\t<div class=\"elementor-element elementor-element-900af89 e-con-full e-flex e-con e-child\" data-id=\"900af89\" data-element_type=\"container\" data-e-type=\"container\">\n\t\t\t\t<div class=\"elementor-element elementor-element-928a6f7 elementor-button-success elementor-align-center elementor-widget elementor-widget-button\" data-id=\"928a6f7\" data-element_type=\"widget\" data-e-type=\"widget\" data-widget_type=\"button.default\">\n\t\t\t\t<div class=\"elementor-widget-container\">\n\t\t\t\t\t\t\t\t\t<div class=\"elementor-button-wrapper\">\n\t\t\t\t\t<a class=\"elementor-button elementor-button-link elementor-size-sm\" href=\"https:\/\/gds32-65.fr\/wp-content\/uploads\/2026\/04\/prescriptions-2026.pdf\" target=\"_blank\">\n\t\t\t\t\t\t<span class=\"elementor-button-content-wrapper\">\n\t\t\t\t\t\t\t\t\t<span class=\"elementor-button-text\">Cliquez ici<\/span>\n\t\t\t\t\t<\/span>\n\t\t\t\t\t<\/a>\n\t\t\t\t<\/div>\n\t\t\t\t\t\t\t\t<\/div>\n\t\t\t\t<\/div>\n\t\t\t\t<\/div>\n\t\t\t\t\t<\/div>\n\t\t\t\t<\/div>\n\t\t\t\t<\/div>\n\t\t","protected":false},"excerpt":{"rendered":"<p>Eleveurs bovins transhumants dans le 65 Les autorisations de transhumance bovines sont automatiques et sont d\u00e9livr\u00e9es au cheptel (et non&nbsp;pas au bovin). La d\u00e9livrance est bas\u00e9e sur les mouvements d\u00e9clar\u00e9s l\u2019ann\u00e9e n-1. Pour toute nouvelle transhumance ou changement d\u2019estive, merci de nous contacter. Pas de papier, le gestionnaire d\u2019estive consulte l\u2019\u00e9tat de votre autorisation sur [&hellip;]<\/p>\n","protected":false},"author":1,"featured_media":0,"parent":681,"menu_order":3,"comment_status":"closed","ping_status":"closed","template":"","meta":{"footnotes":""},"class_list":["post-3272","page","type-page","status-publish","hentry"],"blocksy_meta":[],"yoast_head":"<!-- This site is optimized with the Yoast SEO plugin v27.4 - https:\/\/yoast.com\/product\/yoast-seo-wordpress\/ -->\n<title>Eleveurs Bovins - GDS 32 et 65<\/title>\n<meta name=\"robots\" content=\"index, follow, max-snippet:-1, max-image-preview:large, max-video-preview:-1\" \/>\n<link rel=\"canonical\" href=\"https:\/\/gds32-65.fr\/index.php\/transhumance\/eleveurs-bovins\/\" \/>\n<meta property=\"og:locale\" content=\"fr_FR\" \/>\n<meta property=\"og:type\" content=\"article\" \/>\n<meta property=\"og:title\" content=\"Eleveurs Bovins - GDS 32 et 65\" \/>\n<meta property=\"og:description\" content=\"Eleveurs bovins transhumants dans le 65 Les autorisations de transhumance bovines sont automatiques et sont d\u00e9livr\u00e9es au cheptel (et non&nbsp;pas au bovin). La d\u00e9livrance est bas\u00e9e sur les mouvements d\u00e9clar\u00e9s l\u2019ann\u00e9e n-1. Pour toute nouvelle transhumance ou changement d\u2019estive, merci de nous contacter. Pas de papier, le gestionnaire d\u2019estive consulte l\u2019\u00e9tat de votre autorisation sur [&hellip;]\" \/>\n<meta property=\"og:url\" content=\"https:\/\/gds32-65.fr\/index.php\/transhumance\/eleveurs-bovins\/\" \/>\n<meta property=\"og:site_name\" content=\"GDS 32 et 65\" \/>\n<meta property=\"article:publisher\" content=\"https:\/\/www.facebook.com\/gds32gds65aplma\" \/>\n<meta property=\"article:modified_time\" content=\"2026-04-14T13:16:26+00:00\" \/>\n<meta name=\"twitter:card\" content=\"summary_large_image\" \/>\n<meta name=\"twitter:label1\" content=\"Dur\u00e9e de lecture estim\u00e9e\" \/>\n\t<meta name=\"twitter:data1\" content=\"1 minute\" \/>\n<script type=\"application\/ld+json\" class=\"yoast-schema-graph\">{\"@context\":\"https:\\\/\\\/schema.org\",\"@graph\":[{\"@type\":\"WebPage\",\"@id\":\"https:\\\/\\\/gds32-65.fr\\\/index.php\\\/transhumance\\\/eleveurs-bovins\\\/\",\"url\":\"https:\\\/\\\/gds32-65.fr\\\/index.php\\\/transhumance\\\/eleveurs-bovins\\\/\",\"name\":\"Eleveurs Bovins - GDS 32 et 65\",\"isPartOf\":{\"@id\":\"https:\\\/\\\/gds32-65.fr\\\/#website\"},\"datePublished\":\"2024-12-13T14:07:08+00:00\",\"dateModified\":\"2026-04-14T13:16:26+00:00\",\"breadcrumb\":{\"@id\":\"https:\\\/\\\/gds32-65.fr\\\/index.php\\\/transhumance\\\/eleveurs-bovins\\\/#breadcrumb\"},\"inLanguage\":\"fr-FR\",\"potentialAction\":[{\"@type\":\"ReadAction\",\"target\":[\"https:\\\/\\\/gds32-65.fr\\\/index.php\\\/transhumance\\\/eleveurs-bovins\\\/\"]}]},{\"@type\":\"BreadcrumbList\",\"@id\":\"https:\\\/\\\/gds32-65.fr\\\/index.php\\\/transhumance\\\/eleveurs-bovins\\\/#breadcrumb\",\"itemListElement\":[{\"@type\":\"ListItem\",\"position\":1,\"name\":\"Accueil\",\"item\":\"https:\\\/\\\/gds32-65.fr\\\/\"},{\"@type\":\"ListItem\",\"position\":2,\"name\":\"Transhumance\",\"item\":\"https:\\\/\\\/gds32-65.fr\\\/index.php\\\/transhumance\\\/\"},{\"@type\":\"ListItem\",\"position\":3,\"name\":\"Eleveurs Bovins\"}]},{\"@type\":\"WebSite\",\"@id\":\"https:\\\/\\\/gds32-65.fr\\\/#website\",\"url\":\"https:\\\/\\\/gds32-65.fr\\\/\",\"name\":\"GDS 32-65\",\"description\":\"Bienvenue sur le site des GDS 32 et 65\",\"publisher\":{\"@id\":\"https:\\\/\\\/gds32-65.fr\\\/#organization\"},\"potentialAction\":[{\"@type\":\"SearchAction\",\"target\":{\"@type\":\"EntryPoint\",\"urlTemplate\":\"https:\\\/\\\/gds32-65.fr\\\/?s={search_term_string}\"},\"query-input\":{\"@type\":\"PropertyValueSpecification\",\"valueRequired\":true,\"valueName\":\"search_term_string\"}}],\"inLanguage\":\"fr-FR\"},{\"@type\":\"Organization\",\"@id\":\"https:\\\/\\\/gds32-65.fr\\\/#organization\",\"name\":\"GDS 32-65\",\"url\":\"https:\\\/\\\/gds32-65.fr\\\/\",\"logo\":{\"@type\":\"ImageObject\",\"inLanguage\":\"fr-FR\",\"@id\":\"https:\\\/\\\/gds32-65.fr\\\/#\\\/schema\\\/logo\\\/image\\\/\",\"url\":\"https:\\\/\\\/gds32-65.fr\\\/wp-content\\\/uploads\\\/2024\\\/11\\\/Fond-GDS-1.png\",\"contentUrl\":\"https:\\\/\\\/gds32-65.fr\\\/wp-content\\\/uploads\\\/2024\\\/11\\\/Fond-GDS-1.png\",\"width\":1095,\"height\":226,\"caption\":\"GDS 32-65\"},\"image\":{\"@id\":\"https:\\\/\\\/gds32-65.fr\\\/#\\\/schema\\\/logo\\\/image\\\/\"},\"sameAs\":[\"https:\\\/\\\/www.facebook.com\\\/gds32gds65aplma\"]}]}<\/script>\n<!-- \/ Yoast SEO plugin. -->","yoast_head_json":{"title":"Eleveurs Bovins - GDS 32 et 65","robots":{"index":"index","follow":"follow","max-snippet":"max-snippet:-1","max-image-preview":"max-image-preview:large","max-video-preview":"max-video-preview:-1"},"canonical":"https:\/\/gds32-65.fr\/index.php\/transhumance\/eleveurs-bovins\/","og_locale":"fr_FR","og_type":"article","og_title":"Eleveurs Bovins - GDS 32 et 65","og_description":"Eleveurs bovins transhumants dans le 65 Les autorisations de transhumance bovines sont automatiques et sont d\u00e9livr\u00e9es au cheptel (et non&nbsp;pas au bovin). La d\u00e9livrance est bas\u00e9e sur les mouvements d\u00e9clar\u00e9s l\u2019ann\u00e9e n-1. Pour toute nouvelle transhumance ou changement d\u2019estive, merci de nous contacter. Pas de papier, le gestionnaire d\u2019estive consulte l\u2019\u00e9tat de votre autorisation sur [&hellip;]","og_url":"https:\/\/gds32-65.fr\/index.php\/transhumance\/eleveurs-bovins\/","og_site_name":"GDS 32 et 65","article_publisher":"https:\/\/www.facebook.com\/gds32gds65aplma","article_modified_time":"2026-04-14T13:16:26+00:00","twitter_card":"summary_large_image","twitter_misc":{"Dur\u00e9e de lecture estim\u00e9e":"1 minute"},"schema":{"@context":"https:\/\/schema.org","@graph":[{"@type":"WebPage","@id":"https:\/\/gds32-65.fr\/index.php\/transhumance\/eleveurs-bovins\/","url":"https:\/\/gds32-65.fr\/index.php\/transhumance\/eleveurs-bovins\/","name":"Eleveurs Bovins - GDS 32 et 65","isPartOf":{"@id":"https:\/\/gds32-65.fr\/#website"},"datePublished":"2024-12-13T14:07:08+00:00","dateModified":"2026-04-14T13:16:26+00:00","breadcrumb":{"@id":"https:\/\/gds32-65.fr\/index.php\/transhumance\/eleveurs-bovins\/#breadcrumb"},"inLanguage":"fr-FR","potentialAction":[{"@type":"ReadAction","target":["https:\/\/gds32-65.fr\/index.php\/transhumance\/eleveurs-bovins\/"]}]},{"@type":"BreadcrumbList","@id":"https:\/\/gds32-65.fr\/index.php\/transhumance\/eleveurs-bovins\/#breadcrumb","itemListElement":[{"@type":"ListItem","position":1,"name":"Accueil","item":"https:\/\/gds32-65.fr\/"},{"@type":"ListItem","position":2,"name":"Transhumance","item":"https:\/\/gds32-65.fr\/index.php\/transhumance\/"},{"@type":"ListItem","position":3,"name":"Eleveurs Bovins"}]},{"@type":"WebSite","@id":"https:\/\/gds32-65.fr\/#website","url":"https:\/\/gds32-65.fr\/","name":"GDS 32-65","description":"Bienvenue sur le site des GDS 32 et 65","publisher":{"@id":"https:\/\/gds32-65.fr\/#organization"},"potentialAction":[{"@type":"SearchAction","target":{"@type":"EntryPoint","urlTemplate":"https:\/\/gds32-65.fr\/?s={search_term_string}"},"query-input":{"@type":"PropertyValueSpecification","valueRequired":true,"valueName":"search_term_string"}}],"inLanguage":"fr-FR"},{"@type":"Organization","@id":"https:\/\/gds32-65.fr\/#organization","name":"GDS 32-65","url":"https:\/\/gds32-65.fr\/","logo":{"@type":"ImageObject","inLanguage":"fr-FR","@id":"https:\/\/gds32-65.fr\/#\/schema\/logo\/image\/","url":"https:\/\/gds32-65.fr\/wp-content\/uploads\/2024\/11\/Fond-GDS-1.png","contentUrl":"https:\/\/gds32-65.fr\/wp-content\/uploads\/2024\/11\/Fond-GDS-1.png","width":1095,"height":226,"caption":"GDS 32-65"},"image":{"@id":"https:\/\/gds32-65.fr\/#\/schema\/logo\/image\/"},"sameAs":["https:\/\/www.facebook.com\/gds32gds65aplma"]}]}},"_links":{"self":[{"href":"https:\/\/gds32-65.fr\/index.php\/wp-json\/wp\/v2\/pages\/3272","targetHints":{"allow":["GET"]}}],"collection":[{"href":"https:\/\/gds32-65.fr\/index.php\/wp-json\/wp\/v2\/pages"}],"about":[{"href":"https:\/\/gds32-65.fr\/index.php\/wp-json\/wp\/v2\/types\/page"}],"author":[{"embeddable":true,"href":"https:\/\/gds32-65.fr\/index.php\/wp-json\/wp\/v2\/users\/1"}],"replies":[{"embeddable":true,"href":"https:\/\/gds32-65.fr\/index.php\/wp-json\/wp\/v2\/comments?post=3272"}],"version-history":[{"count":28,"href":"https:\/\/gds32-65.fr\/index.php\/wp-json\/wp\/v2\/pages\/3272\/revisions"}],"predecessor-version":[{"id":5157,"href":"https:\/\/gds32-65.fr\/index.php\/wp-json\/wp\/v2\/pages\/3272\/revisions\/5157"}],"up":[{"embeddable":true,"href":"https:\/\/gds32-65.fr\/index.php\/wp-json\/wp\/v2\/pages\/681"}],"wp:attachment":[{"href":"https:\/\/gds32-65.fr\/index.php\/wp-json\/wp\/v2\/media?parent=3272"}],"curies":[{"name":"wp","href":"https:\/\/api.w.org\/{rel}","templated":true}]}}