{"id":1430,"date":"2024-11-21T19:08:57","date_gmt":"2024-11-21T18:08:57","guid":{"rendered":"https:\/\/gds32-65.fr\/?page_id=1430"},"modified":"2026-03-13T16:47:45","modified_gmt":"2026-03-13T15:47:45","slug":"documentation-et-resultats-laboratoire","status":"publish","type":"page","link":"https:\/\/gds32-65.fr\/index.php\/documentation-et-resultats-laboratoire\/","title":{"rendered":"Documentations"},"content":{"rendered":"\t\t<div data-elementor-type=\"wp-page\" data-elementor-id=\"1430\" class=\"elementor elementor-1430\">\n\t\t\t\t<div class=\"elementor-element elementor-element-1aa26c8 e-flex e-con-boxed e-con e-parent\" data-id=\"1aa26c8\" data-element_type=\"container\" data-e-type=\"container\">\n\t\t\t\t\t<div class=\"e-con-inner\">\n\t\t\t\t<div class=\"elementor-element elementor-element-6c2dc37 elementor-widget elementor-widget-heading\" data-id=\"6c2dc37\" data-element_type=\"widget\" data-e-type=\"widget\" data-widget_type=\"heading.default\">\n\t\t\t\t<div class=\"elementor-widget-container\">\n\t\t\t\t\t<h2 class=\"elementor-heading-title elementor-size-default\">Actualit\u00e9s<\/h2>\t\t\t\t<\/div>\n\t\t\t\t<\/div>\n\t\t\t\t\t<\/div>\n\t\t\t\t<\/div>\n\t\t<div class=\"elementor-element elementor-element-8d77bc1 e-grid e-con-boxed e-con e-parent\" data-id=\"8d77bc1\" data-element_type=\"container\" data-e-type=\"container\">\n\t\t\t\t\t<div class=\"e-con-inner\">\n\t\t\t\t<div class=\"elementor-element elementor-element-fefc04b elementor-widget elementor-widget-text-editor\" data-id=\"fefc04b\" data-element_type=\"widget\" data-e-type=\"widget\" data-widget_type=\"text-editor.default\">\n\t\t\t\t<div class=\"elementor-widget-container\">\n\t\t\t\t\t\t\t\t\t<p><em>Retrouve ici la documentation compl\u00e8te de la DNC en cliquant sur l&rsquo;image ci-contre<\/em><\/p>\t\t\t\t\t\t\t\t<\/div>\n\t\t\t\t<\/div>\n\t\t\t\t<div class=\"elementor-element elementor-element-1e3216c elementor-widget elementor-widget-image\" data-id=\"1e3216c\" data-element_type=\"widget\" data-e-type=\"widget\" data-widget_type=\"image.default\">\n\t\t\t\t<div class=\"elementor-widget-container\">\n\t\t\t\t\t\t\t\t\t\t\t\t\t\t\t\t<a href=\"https:\/\/gds32-65.fr\/wp-content\/uploads\/2025\/10\/DNC-global_merged.pdf\" target=\"_blank\">\n\t\t\t\t\t\t\t<img fetchpriority=\"high\" decoding=\"async\" width=\"671\" height=\"280\" src=\"https:\/\/gds32-65.fr\/wp-content\/uploads\/2025\/10\/Sans-titre-1.jpg\" class=\"attachment-medium_large size-medium_large wp-image-4326\" alt=\"\" srcset=\"https:\/\/gds32-65.fr\/wp-content\/uploads\/2025\/10\/Sans-titre-1.jpg 671w, https:\/\/gds32-65.fr\/wp-content\/uploads\/2025\/10\/Sans-titre-1-300x125.jpg 300w\" sizes=\"(max-width: 671px) 100vw, 671px\" \/>\t\t\t\t\t\t\t\t<\/a>\n\t\t\t\t\t\t\t\t\t\t\t\t\t\t\t<\/div>\n\t\t\t\t<\/div>\n\t\t\t\t\t<\/div>\n\t\t\t\t<\/div>\n\t\t<div class=\"elementor-element elementor-element-ee919c9 e-flex e-con-boxed e-con e-parent\" data-id=\"ee919c9\" data-element_type=\"container\" data-e-type=\"container\">\n\t\t\t\t\t<div class=\"e-con-inner\">\n\t\t\t\t<div class=\"elementor-element elementor-element-8cf1360 elementor-widget elementor-widget-heading\" data-id=\"8cf1360\" data-element_type=\"widget\" data-e-type=\"widget\" data-widget_type=\"heading.default\">\n\t\t\t\t<div class=\"elementor-widget-container\">\n\t\t\t\t\t<h2 class=\"elementor-heading-title elementor-size-default\">Documentations<\/h2>\t\t\t\t<\/div>\n\t\t\t\t<\/div>\n\t\t\t\t\t<\/div>\n\t\t\t\t<\/div>\n\t\t<div class=\"elementor-element elementor-element-da22835 e-flex e-con-boxed e-con e-parent\" data-id=\"da22835\" data-element_type=\"container\" data-e-type=\"container\">\n\t\t\t\t\t<div class=\"e-con-inner\">\n\t\t<div class=\"elementor-element elementor-element-65cabe1 e-con-full e-flex e-con e-child\" data-id=\"65cabe1\" data-element_type=\"container\" data-e-type=\"container\">\n\t\t\t\t<div class=\"elementor-element elementor-element-236e429 elementor-button-info elementor-align-center elementor-widget elementor-widget-button\" data-id=\"236e429\" data-element_type=\"widget\" data-e-type=\"widget\" data-widget_type=\"button.default\">\n\t\t\t\t<div class=\"elementor-widget-container\">\n\t\t\t\t\t\t\t\t\t<div class=\"elementor-button-wrapper\">\n\t\t\t\t\t<a class=\"elementor-button elementor-button-link elementor-size-sm\" href=\"https:\/\/gds32-65.fr\/wp-content\/uploads\/2026\/03\/Demande-Transhumance-ovine-caprine-2026.pdf\" target=\"_blank\">\n\t\t\t\t\t\t<span class=\"elementor-button-content-wrapper\">\n\t\t\t\t\t\t\t\t\t<span class=\"elementor-button-text\">Demande de transhumance 2026<\/span>\n\t\t\t\t\t<\/span>\n\t\t\t\t\t<\/a>\n\t\t\t\t<\/div>\n\t\t\t\t\t\t\t\t<\/div>\n\t\t\t\t<\/div>\n\t\t\t\t<div class=\"elementor-element elementor-element-e5441a0 elementor-button-info elementor-align-center elementor-widget elementor-widget-button\" data-id=\"e5441a0\" data-element_type=\"widget\" data-e-type=\"widget\" data-widget_type=\"button.default\">\n\t\t\t\t<div class=\"elementor-widget-container\">\n\t\t\t\t\t\t\t\t\t<div class=\"elementor-button-wrapper\">\n\t\t\t\t\t<a class=\"elementor-button elementor-button-link elementor-size-sm\" href=\"https:\/\/gds32-65.fr\/wp-content\/uploads\/2025\/09\/Attestation-de-transport-direct-V3.pdf\" target=\"_blank\">\n\t\t\t\t\t\t<span class=\"elementor-button-content-wrapper\">\n\t\t\t\t\t\t\t\t\t<span class=\"elementor-button-text\">Attestation de transport direct - D\u00e9rogation \u00e0 l'introduction IBR <\/span>\n\t\t\t\t\t<\/span>\n\t\t\t\t\t<\/a>\n\t\t\t\t<\/div>\n\t\t\t\t\t\t\t\t<\/div>\n\t\t\t\t<\/div>\n\t\t<div class=\"elementor-element elementor-element-0d89342 e-con-full e-flex e-con e-child\" data-id=\"0d89342\" data-element_type=\"container\" data-e-type=\"container\">\n\t\t\t\t<div class=\"elementor-element elementor-element-10b39a1 elementor-button-info elementor-align-center elementor-widget elementor-widget-button\" data-id=\"10b39a1\" data-element_type=\"widget\" data-e-type=\"widget\" data-widget_type=\"button.default\">\n\t\t\t\t<div class=\"elementor-widget-container\">\n\t\t\t\t\t\t\t\t\t<div class=\"elementor-button-wrapper\">\n\t\t\t\t\t<a class=\"elementor-button elementor-button-link elementor-size-sm\" href=\"https:\/\/gds32-65.fr\/wp-content\/uploads\/2024\/12\/billet-garantie-conventionelle-double-feuillet.pdf\" target=\"_blank\">\n\t\t\t\t\t\t<span class=\"elementor-button-content-wrapper\">\n\t\t\t\t\t\t\t\t\t<span class=\"elementor-button-text\">Billet garantie conventionnelle<\/span>\n\t\t\t\t\t<\/span>\n\t\t\t\t\t<\/a>\n\t\t\t\t<\/div>\n\t\t\t\t\t\t\t\t<\/div>\n\t\t\t\t<\/div>\n\t\t\t\t<\/div>\n\t\t\t\t<\/div>\n\t\t\t\t\t<\/div>\n\t\t\t\t<\/div>\n\t\t<div class=\"elementor-element elementor-element-1586b38 e-flex e-con-boxed e-con e-parent\" data-id=\"1586b38\" data-element_type=\"container\" data-e-type=\"container\">\n\t\t\t\t\t<div class=\"e-con-inner\">\n\t\t<div class=\"elementor-element elementor-element-52ea50d e-con-full e-flex e-con e-child\" data-id=\"52ea50d\" data-element_type=\"container\" data-e-type=\"container\">\n\t\t\t\t<div class=\"elementor-element elementor-element-66b9cbd elementor-button-info elementor-align-center elementor-widget elementor-widget-button\" data-id=\"66b9cbd\" data-element_type=\"widget\" data-e-type=\"widget\" data-widget_type=\"button.default\">\n\t\t\t\t<div class=\"elementor-widget-container\">\n\t\t\t\t\t\t\t\t\t<div class=\"elementor-button-wrapper\">\n\t\t\t\t\t<a class=\"elementor-button elementor-button-link elementor-size-sm\" href=\"https:\/\/gds32-65.fr\/wp-content\/uploads\/2025\/02\/prescriptions-sanitaires-2025-signees.pdf\" target=\"_blank\">\n\t\t\t\t\t\t<span class=\"elementor-button-content-wrapper\">\n\t\t\t\t\t\t\t\t\t<span class=\"elementor-button-text\">Prescriptions Sanitaires de transhumance 2025<\/span>\n\t\t\t\t\t<\/span>\n\t\t\t\t\t<\/a>\n\t\t\t\t<\/div>\n\t\t\t\t\t\t\t\t<\/div>\n\t\t\t\t<\/div>\n\t\t\t\t<\/div>\n\t\t\t\t\t<\/div>\n\t\t\t\t<\/div>\n\t\t<div class=\"elementor-element elementor-element-4fecea2 e-flex e-con-boxed e-con e-parent\" data-id=\"4fecea2\" data-element_type=\"container\" data-e-type=\"container\">\n\t\t\t\t\t<div class=\"e-con-inner\">\n\t\t\t\t<div class=\"elementor-element elementor-element-33c8c30 elementor-widget elementor-widget-heading\" data-id=\"33c8c30\" data-element_type=\"widget\" data-e-type=\"widget\" data-widget_type=\"heading.default\">\n\t\t\t\t<div class=\"elementor-widget-container\">\n\t\t\t\t\t<h2 class=\"elementor-heading-title elementor-size-default\">Vid\u00e9os<\/h2>\t\t\t\t<\/div>\n\t\t\t\t<\/div>\n\t\t\t\t\t<\/div>\n\t\t\t\t<\/div>\n\t\t<div class=\"elementor-element elementor-element-d49bb5e e-flex e-con-boxed e-con e-parent\" data-id=\"d49bb5e\" data-element_type=\"container\" data-e-type=\"container\">\n\t\t\t\t\t<div class=\"e-con-inner\">\n\t\t\t\t<div class=\"elementor-element elementor-element-61c9298 elementor-widget elementor-widget-button\" data-id=\"61c9298\" data-element_type=\"widget\" data-e-type=\"widget\" data-widget_type=\"button.default\">\n\t\t\t\t<div class=\"elementor-widget-container\">\n\t\t\t\t\t\t\t\t\t<div class=\"elementor-button-wrapper\">\n\t\t\t\t\t<a class=\"elementor-button elementor-button-link elementor-size-sm\" href=\"https:\/\/youtu.be\/RlRnagLGHvk?si=Muj1C6HxWnJ9lR_d\" target=\"_blank\">\n\t\t\t\t\t\t<span class=\"elementor-button-content-wrapper\">\n\t\t\t\t\t\t\t\t\t<span class=\"elementor-button-text\">Etude parasitisme Pr Jacquiet - Video compl\u00e8te<\/span>\n\t\t\t\t\t<\/span>\n\t\t\t\t\t<\/a>\n\t\t\t\t<\/div>\n\t\t\t\t\t\t\t\t<\/div>\n\t\t\t\t<\/div>\n\t\t\t\t\t<\/div>\n\t\t\t\t<\/div>\n\t\t<div class=\"elementor-element elementor-element-e167de9 e-grid e-con-boxed e-con e-parent\" data-id=\"e167de9\" data-element_type=\"container\" data-e-type=\"container\">\n\t\t\t\t\t<div class=\"e-con-inner\">\n\t\t\t\t<div class=\"elementor-element elementor-element-566db0e elementor-widget elementor-widget-button\" data-id=\"566db0e\" data-element_type=\"widget\" data-e-type=\"widget\" data-widget_type=\"button.default\">\n\t\t\t\t<div class=\"elementor-widget-container\">\n\t\t\t\t\t\t\t\t\t<div class=\"elementor-button-wrapper\">\n\t\t\t\t\t<a class=\"elementor-button elementor-button-link elementor-size-sm\" href=\"https:\/\/youtu.be\/I0pvLop5LXI?si=CEdgd-v4I6kYGolu\" target=\"_blank\">\n\t\t\t\t\t\t<span class=\"elementor-button-content-wrapper\">\n\t\t\t\t\t\t\t\t\t<span class=\"elementor-button-text\">Chapitre 1 - Contexte g\u00e9n\u00e9ral<\/span>\n\t\t\t\t\t<\/span>\n\t\t\t\t\t<\/a>\n\t\t\t\t<\/div>\n\t\t\t\t\t\t\t\t<\/div>\n\t\t\t\t<\/div>\n\t\t\t\t<div class=\"elementor-element elementor-element-6f5f139 elementor-widget elementor-widget-button\" data-id=\"6f5f139\" data-element_type=\"widget\" data-e-type=\"widget\" data-widget_type=\"button.default\">\n\t\t\t\t<div class=\"elementor-widget-container\">\n\t\t\t\t\t\t\t\t\t<div class=\"elementor-button-wrapper\">\n\t\t\t\t\t<a class=\"elementor-button elementor-button-link elementor-size-sm\" href=\"https:\/\/youtu.be\/kk0lGTizm54?si=YT5RtM752snJ3q07\" target=\"_blank\">\n\t\t\t\t\t\t<span class=\"elementor-button-content-wrapper\">\n\t\t\t\t\t\t\t\t\t<span class=\"elementor-button-text\">Chapitre 2 - R\u00e9sultats<\/span>\n\t\t\t\t\t<\/span>\n\t\t\t\t\t<\/a>\n\t\t\t\t<\/div>\n\t\t\t\t\t\t\t\t<\/div>\n\t\t\t\t<\/div>\n\t\t\t\t<div class=\"elementor-element elementor-element-22d1bf7 elementor-widget elementor-widget-button\" data-id=\"22d1bf7\" data-element_type=\"widget\" data-e-type=\"widget\" data-widget_type=\"button.default\">\n\t\t\t\t<div class=\"elementor-widget-container\">\n\t\t\t\t\t\t\t\t\t<div class=\"elementor-button-wrapper\">\n\t\t\t\t\t<a class=\"elementor-button elementor-button-link elementor-size-sm\" href=\"https:\/\/youtu.be\/FkTgQAHU1u4?si=1qbpA_cGv93wmD41\" target=\"_blank\">\n\t\t\t\t\t\t<span class=\"elementor-button-content-wrapper\">\n\t\t\t\t\t\t\t\t\t<span class=\"elementor-button-text\">Chapitre 3 - Solutions \u00e0 court terme et pistes \u00e0 long terme<\/span>\n\t\t\t\t\t<\/span>\n\t\t\t\t\t<\/a>\n\t\t\t\t<\/div>\n\t\t\t\t\t\t\t\t<\/div>\n\t\t\t\t<\/div>\n\t\t\t\t<div class=\"elementor-element elementor-element-c0fc6a1 elementor-widget elementor-widget-button\" data-id=\"c0fc6a1\" data-element_type=\"widget\" data-e-type=\"widget\" data-widget_type=\"button.default\">\n\t\t\t\t<div class=\"elementor-widget-container\">\n\t\t\t\t\t\t\t\t\t<div class=\"elementor-button-wrapper\">\n\t\t\t\t\t<a class=\"elementor-button elementor-button-link elementor-size-sm\" href=\"https:\/\/youtu.be\/DnUz4kfWsZo?si=OAKkWVCvbE-auUZ2\" target=\"_blank\">\n\t\t\t\t\t\t<span class=\"elementor-button-content-wrapper\">\n\t\t\t\t\t\t\t\t\t<span class=\"elementor-button-text\">Chapitre 4 - Tests individuels de r\u00e9sistance<\/span>\n\t\t\t\t\t<\/span>\n\t\t\t\t\t<\/a>\n\t\t\t\t<\/div>\n\t\t\t\t\t\t\t\t<\/div>\n\t\t\t\t<\/div>\n\t\t\t\t\t<\/div>\n\t\t\t\t<\/div>\n\t\t\t\t<\/div>\n\t\t","protected":false},"excerpt":{"rendered":"<p>Actualit\u00e9s Retrouve ici la documentation compl\u00e8te de la DNC en cliquant sur l&rsquo;image ci-contre Documentations Demande de transhumance 2026 Attestation de transport direct &#8211; D\u00e9rogation \u00e0 l&rsquo;introduction IBR Billet garantie conventionnelle Prescriptions Sanitaires de transhumance 2025 Vid\u00e9os Etude parasitisme Pr Jacquiet &#8211; Video compl\u00e8te Chapitre 1 &#8211; Contexte g\u00e9n\u00e9ral Chapitre 2 &#8211; R\u00e9sultats Chapitre 3 [&hellip;]<\/p>\n","protected":false},"author":1,"featured_media":0,"parent":0,"menu_order":0,"comment_status":"closed","ping_status":"closed","template":"","meta":{"footnotes":""},"class_list":["post-1430","page","type-page","status-publish","hentry"],"blocksy_meta":{"has_hero_section":"disabled","styles_descriptor":{"styles":{"desktop":"","tablet":"","mobile":""},"google_fonts":[],"version":6}},"yoast_head":"<!-- This site is optimized with the Yoast SEO plugin v27.4 - https:\/\/yoast.com\/product\/yoast-seo-wordpress\/ -->\n<title>Documentations - GDS 32 et 65<\/title>\n<meta name=\"description\" content=\"Toutes les documentations g\u00e9n\u00e9rales du GDS 32 et 65\" \/>\n<meta name=\"robots\" content=\"index, follow, max-snippet:-1, max-image-preview:large, max-video-preview:-1\" \/>\n<link rel=\"canonical\" href=\"https:\/\/gds32-65.fr\/index.php\/documentation-et-resultats-laboratoire\/\" \/>\n<meta property=\"og:locale\" content=\"fr_FR\" \/>\n<meta property=\"og:type\" content=\"article\" \/>\n<meta property=\"og:title\" content=\"Documentations - GDS 32 et 65\" \/>\n<meta property=\"og:description\" content=\"Toutes les documentations g\u00e9n\u00e9rales du GDS 32 et 65\" \/>\n<meta property=\"og:url\" content=\"https:\/\/gds32-65.fr\/index.php\/documentation-et-resultats-laboratoire\/\" \/>\n<meta property=\"og:site_name\" content=\"GDS 32 et 65\" \/>\n<meta property=\"article:publisher\" content=\"https:\/\/www.facebook.com\/gds32gds65aplma\" \/>\n<meta property=\"article:modified_time\" content=\"2026-03-13T15:47:45+00:00\" \/>\n<meta property=\"og:image\" content=\"https:\/\/gds32-65.fr\/wp-content\/uploads\/2025\/10\/Sans-titre-1.jpg\" \/>\n\t<meta property=\"og:image:width\" content=\"671\" \/>\n\t<meta property=\"og:image:height\" content=\"280\" \/>\n\t<meta property=\"og:image:type\" content=\"image\/jpeg\" \/>\n<meta name=\"twitter:card\" content=\"summary_large_image\" \/>\n<meta name=\"twitter:label1\" content=\"Dur\u00e9e de lecture estim\u00e9e\" \/>\n\t<meta name=\"twitter:data1\" content=\"1 minute\" \/>\n<script type=\"application\/ld+json\" class=\"yoast-schema-graph\">{\"@context\":\"https:\\\/\\\/schema.org\",\"@graph\":[{\"@type\":\"WebPage\",\"@id\":\"https:\\\/\\\/gds32-65.fr\\\/index.php\\\/documentation-et-resultats-laboratoire\\\/\",\"url\":\"https:\\\/\\\/gds32-65.fr\\\/index.php\\\/documentation-et-resultats-laboratoire\\\/\",\"name\":\"Documentations - GDS 32 et 65\",\"isPartOf\":{\"@id\":\"https:\\\/\\\/gds32-65.fr\\\/#website\"},\"primaryImageOfPage\":{\"@id\":\"https:\\\/\\\/gds32-65.fr\\\/index.php\\\/documentation-et-resultats-laboratoire\\\/#primaryimage\"},\"image\":{\"@id\":\"https:\\\/\\\/gds32-65.fr\\\/index.php\\\/documentation-et-resultats-laboratoire\\\/#primaryimage\"},\"thumbnailUrl\":\"https:\\\/\\\/gds32-65.fr\\\/wp-content\\\/uploads\\\/2025\\\/10\\\/Sans-titre-1.jpg\",\"datePublished\":\"2024-11-21T18:08:57+00:00\",\"dateModified\":\"2026-03-13T15:47:45+00:00\",\"description\":\"Toutes les documentations g\u00e9n\u00e9rales du GDS 32 et 65\",\"breadcrumb\":{\"@id\":\"https:\\\/\\\/gds32-65.fr\\\/index.php\\\/documentation-et-resultats-laboratoire\\\/#breadcrumb\"},\"inLanguage\":\"fr-FR\",\"potentialAction\":[{\"@type\":\"ReadAction\",\"target\":[\"https:\\\/\\\/gds32-65.fr\\\/index.php\\\/documentation-et-resultats-laboratoire\\\/\"]}]},{\"@type\":\"ImageObject\",\"inLanguage\":\"fr-FR\",\"@id\":\"https:\\\/\\\/gds32-65.fr\\\/index.php\\\/documentation-et-resultats-laboratoire\\\/#primaryimage\",\"url\":\"https:\\\/\\\/gds32-65.fr\\\/wp-content\\\/uploads\\\/2025\\\/10\\\/Sans-titre-1.jpg\",\"contentUrl\":\"https:\\\/\\\/gds32-65.fr\\\/wp-content\\\/uploads\\\/2025\\\/10\\\/Sans-titre-1.jpg\",\"width\":671,\"height\":280},{\"@type\":\"BreadcrumbList\",\"@id\":\"https:\\\/\\\/gds32-65.fr\\\/index.php\\\/documentation-et-resultats-laboratoire\\\/#breadcrumb\",\"itemListElement\":[{\"@type\":\"ListItem\",\"position\":1,\"name\":\"Accueil\",\"item\":\"https:\\\/\\\/gds32-65.fr\\\/\"},{\"@type\":\"ListItem\",\"position\":2,\"name\":\"Documentations\"}]},{\"@type\":\"WebSite\",\"@id\":\"https:\\\/\\\/gds32-65.fr\\\/#website\",\"url\":\"https:\\\/\\\/gds32-65.fr\\\/\",\"name\":\"GDS 32-65\",\"description\":\"Bienvenue sur le site des GDS 32 et 65\",\"publisher\":{\"@id\":\"https:\\\/\\\/gds32-65.fr\\\/#organization\"},\"potentialAction\":[{\"@type\":\"SearchAction\",\"target\":{\"@type\":\"EntryPoint\",\"urlTemplate\":\"https:\\\/\\\/gds32-65.fr\\\/?s={search_term_string}\"},\"query-input\":{\"@type\":\"PropertyValueSpecification\",\"valueRequired\":true,\"valueName\":\"search_term_string\"}}],\"inLanguage\":\"fr-FR\"},{\"@type\":\"Organization\",\"@id\":\"https:\\\/\\\/gds32-65.fr\\\/#organization\",\"name\":\"GDS 32-65\",\"url\":\"https:\\\/\\\/gds32-65.fr\\\/\",\"logo\":{\"@type\":\"ImageObject\",\"inLanguage\":\"fr-FR\",\"@id\":\"https:\\\/\\\/gds32-65.fr\\\/#\\\/schema\\\/logo\\\/image\\\/\",\"url\":\"https:\\\/\\\/gds32-65.fr\\\/wp-content\\\/uploads\\\/2024\\\/11\\\/Fond-GDS-1.png\",\"contentUrl\":\"https:\\\/\\\/gds32-65.fr\\\/wp-content\\\/uploads\\\/2024\\\/11\\\/Fond-GDS-1.png\",\"width\":1095,\"height\":226,\"caption\":\"GDS 32-65\"},\"image\":{\"@id\":\"https:\\\/\\\/gds32-65.fr\\\/#\\\/schema\\\/logo\\\/image\\\/\"},\"sameAs\":[\"https:\\\/\\\/www.facebook.com\\\/gds32gds65aplma\"]}]}<\/script>\n<!-- \/ Yoast SEO plugin. -->","yoast_head_json":{"title":"Documentations - GDS 32 et 65","description":"Toutes les documentations g\u00e9n\u00e9rales du GDS 32 et 65","robots":{"index":"index","follow":"follow","max-snippet":"max-snippet:-1","max-image-preview":"max-image-preview:large","max-video-preview":"max-video-preview:-1"},"canonical":"https:\/\/gds32-65.fr\/index.php\/documentation-et-resultats-laboratoire\/","og_locale":"fr_FR","og_type":"article","og_title":"Documentations - GDS 32 et 65","og_description":"Toutes les documentations g\u00e9n\u00e9rales du GDS 32 et 65","og_url":"https:\/\/gds32-65.fr\/index.php\/documentation-et-resultats-laboratoire\/","og_site_name":"GDS 32 et 65","article_publisher":"https:\/\/www.facebook.com\/gds32gds65aplma","article_modified_time":"2026-03-13T15:47:45+00:00","og_image":[{"width":671,"height":280,"url":"https:\/\/gds32-65.fr\/wp-content\/uploads\/2025\/10\/Sans-titre-1.jpg","type":"image\/jpeg"}],"twitter_card":"summary_large_image","twitter_misc":{"Dur\u00e9e de lecture estim\u00e9e":"1 minute"},"schema":{"@context":"https:\/\/schema.org","@graph":[{"@type":"WebPage","@id":"https:\/\/gds32-65.fr\/index.php\/documentation-et-resultats-laboratoire\/","url":"https:\/\/gds32-65.fr\/index.php\/documentation-et-resultats-laboratoire\/","name":"Documentations - GDS 32 et 65","isPartOf":{"@id":"https:\/\/gds32-65.fr\/#website"},"primaryImageOfPage":{"@id":"https:\/\/gds32-65.fr\/index.php\/documentation-et-resultats-laboratoire\/#primaryimage"},"image":{"@id":"https:\/\/gds32-65.fr\/index.php\/documentation-et-resultats-laboratoire\/#primaryimage"},"thumbnailUrl":"https:\/\/gds32-65.fr\/wp-content\/uploads\/2025\/10\/Sans-titre-1.jpg","datePublished":"2024-11-21T18:08:57+00:00","dateModified":"2026-03-13T15:47:45+00:00","description":"Toutes les documentations g\u00e9n\u00e9rales du GDS 32 et 65","breadcrumb":{"@id":"https:\/\/gds32-65.fr\/index.php\/documentation-et-resultats-laboratoire\/#breadcrumb"},"inLanguage":"fr-FR","potentialAction":[{"@type":"ReadAction","target":["https:\/\/gds32-65.fr\/index.php\/documentation-et-resultats-laboratoire\/"]}]},{"@type":"ImageObject","inLanguage":"fr-FR","@id":"https:\/\/gds32-65.fr\/index.php\/documentation-et-resultats-laboratoire\/#primaryimage","url":"https:\/\/gds32-65.fr\/wp-content\/uploads\/2025\/10\/Sans-titre-1.jpg","contentUrl":"https:\/\/gds32-65.fr\/wp-content\/uploads\/2025\/10\/Sans-titre-1.jpg","width":671,"height":280},{"@type":"BreadcrumbList","@id":"https:\/\/gds32-65.fr\/index.php\/documentation-et-resultats-laboratoire\/#breadcrumb","itemListElement":[{"@type":"ListItem","position":1,"name":"Accueil","item":"https:\/\/gds32-65.fr\/"},{"@type":"ListItem","position":2,"name":"Documentations"}]},{"@type":"WebSite","@id":"https:\/\/gds32-65.fr\/#website","url":"https:\/\/gds32-65.fr\/","name":"GDS 32-65","description":"Bienvenue sur le site des GDS 32 et 65","publisher":{"@id":"https:\/\/gds32-65.fr\/#organization"},"potentialAction":[{"@type":"SearchAction","target":{"@type":"EntryPoint","urlTemplate":"https:\/\/gds32-65.fr\/?s={search_term_string}"},"query-input":{"@type":"PropertyValueSpecification","valueRequired":true,"valueName":"search_term_string"}}],"inLanguage":"fr-FR"},{"@type":"Organization","@id":"https:\/\/gds32-65.fr\/#organization","name":"GDS 32-65","url":"https:\/\/gds32-65.fr\/","logo":{"@type":"ImageObject","inLanguage":"fr-FR","@id":"https:\/\/gds32-65.fr\/#\/schema\/logo\/image\/","url":"https:\/\/gds32-65.fr\/wp-content\/uploads\/2024\/11\/Fond-GDS-1.png","contentUrl":"https:\/\/gds32-65.fr\/wp-content\/uploads\/2024\/11\/Fond-GDS-1.png","width":1095,"height":226,"caption":"GDS 32-65"},"image":{"@id":"https:\/\/gds32-65.fr\/#\/schema\/logo\/image\/"},"sameAs":["https:\/\/www.facebook.com\/gds32gds65aplma"]}]}},"_links":{"self":[{"href":"https:\/\/gds32-65.fr\/index.php\/wp-json\/wp\/v2\/pages\/1430","targetHints":{"allow":["GET"]}}],"collection":[{"href":"https:\/\/gds32-65.fr\/index.php\/wp-json\/wp\/v2\/pages"}],"about":[{"href":"https:\/\/gds32-65.fr\/index.php\/wp-json\/wp\/v2\/types\/page"}],"author":[{"embeddable":true,"href":"https:\/\/gds32-65.fr\/index.php\/wp-json\/wp\/v2\/users\/1"}],"replies":[{"embeddable":true,"href":"https:\/\/gds32-65.fr\/index.php\/wp-json\/wp\/v2\/comments?post=1430"}],"version-history":[{"count":107,"href":"https:\/\/gds32-65.fr\/index.php\/wp-json\/wp\/v2\/pages\/1430\/revisions"}],"predecessor-version":[{"id":5084,"href":"https:\/\/gds32-65.fr\/index.php\/wp-json\/wp\/v2\/pages\/1430\/revisions\/5084"}],"wp:attachment":[{"href":"https:\/\/gds32-65.fr\/index.php\/wp-json\/wp\/v2\/media?parent=1430"}],"curies":[{"name":"wp","href":"https:\/\/api.w.org\/{rel}","templated":true}]}}